{"id":10279,"date":"2021-09-23T12:21:21","date_gmt":"2021-09-23T10:21:21","guid":{"rendered":"https:\/\/saniwell.pl\/finishing-packages-prices\/"},"modified":"2024-07-11T16:37:02","modified_gmt":"2024-07-11T14:37:02","slug":"finishing-packages-prices","status":"publish","type":"page","link":"https:\/\/saniwell.pl\/en\/finishing-packages-prices\/","title":{"rendered":"Finishing packages prices"},"content":{"rendered":"\n<h2 class=\"wp-block-heading\">Cost of finishing the apartment on the basis of packages. How much does it cost to finish an apartment based on package options?<\/h2>\n\n<p><\/p>\n\n<p><\/p>\n\n<p><\/p>\n\n<p><\/p>\n\n<ul class=\"wp-block-list\"><li>The flexible START, KOMFORT and PREMIUM Packages presented in the table can be extended with additional options, including extra-package materials, furniture production and installation of home appliances.<\/li><li>The price list of additional options for the INVESTMENT Package can be found at the bottom of the page.<\/li><\/ul>\n\n<p><\/p>\n\n<p><\/p>\n\n<h4 class=\"wp-block-heading\">Turnkey finish prices based on package options<\/h4>\n\n<p><\/p>\n\n<figure class=\"wp-block-table is-style-regular\" style=\"font-size:10px\"><table><tbody><tr><td>gross\/sqm&#13;\npackage:<\/td><td><strong>35-50&#13;\nsqm.<\/strong><\/td><td><strong>50,01-70&#13;\nsqm.<\/strong><\/td><td><strong>over 70&#13;\nsqm.<\/strong><\/td><\/tr><tr><td><strong>MINI<\/strong><\/td><td>1390<\/td><td>1290<\/td><td>1190<\/td><\/tr><tr><td><strong>START<\/strong><\/td><td>1590<\/td><td>1490<\/td><td>1390<\/td><\/tr><tr><td><strong>KOMFORT<\/strong><\/td><td>1790<\/td><td>1690<\/td><td>1590<\/td><\/tr><tr><td><strong>PREMIUM<\/strong><\/td><td>3290<\/td><td>2090<\/td><td>1990<\/td><\/tr><tr><td><strong>INWESTYCYJNY<\/strong><\/td><td>3290<\/td><td>3190<\/td><td>3090<\/td><\/tr><\/tbody><\/table><\/figure>\n\n<p style=\"font-size:10px\">The prices presented in the table are gross amounts and refer to the finishing of apartments with one bathroom. The finishing service for apartments with an area of less than 35 m2 is calculated individually.<\/p>\n\n<p><\/p>\n\n<p><strong>HOUSE<\/strong><\/p>\n\n<figure class=\"wp-block-table is-style-regular\" style=\"font-size:10px\"><table><tbody><tr><td>gross\/sqm&#13;\npackage:<\/td><td><strong>over 75&#13;\nsqm.<\/strong><\/td><\/tr><tr><td><strong>HOUSE<\/strong><\/td><td>2090<\/td><\/tr><\/tbody><\/table><\/figure>\n\n<p style=\"font-size:10px\">The prices presented in the table are gross amounts and refer to the finishing of houses with two bathroom of area over than 75 m2<\/p>\n\n<h4 class=\"wp-block-heading\" id=\"opcje-dodatkowe\">Additional options<\/h4>\n\n<p>What&#8217;s more, the finishing packages prepared by us are flexible, which in practice means that they can be extended with extra-package services, equipment and finishing products.<\/p>\n\n<figure class=\"wp-block-table is-style-regular\"><table><thead><tr><th>Non-package additional options<\/th><th>Price<\/th><\/tr><\/thead><tbody><tr><td>furniture package &#8211; basic version (including household appliances)*<\/td><td>28900 z\u0142<\/td><\/tr><tr><td>furniture package &#8211; custom-made version (including household appliances), free toilet installation<\/td><td>36900 z\u0142<\/td><\/tr><tr><td>visualization of the kitchen \/ apartment (15h consultation)<\/td><td>1000 z\u0142<\/td><\/tr><tr><td>custom-made wardrobe ** (up to 150 cm wide)<\/td><td>from 4900 z\u0142<\/td><\/tr><tr><td>custom-made wardrobe ** (150-250 cm wide)<\/td><td>7900 z\u0142<\/td><\/tr><tr><td>installation of air conditioning with the device ***<\/td><td>from 5900 z\u0142<\/td><\/tr><tr><td>assembly of a walk-in wall with a linear drain ***<\/td><td>1490 z\u0142<\/td><\/tr><\/tbody><\/table><\/figure>\n\n<p>* Kitchen furniture with equipment is included in the price of the Investment Package<\/p>\n\n<p>** Wardrobe made to measure: one part consists of shelves, the other part is a clothes rail<\/p>\n\n<p>*** Installation of air conditioning or a shower wall with a linear drain requires prior verification of the installation possibilities. The prices shown in the table refer to the air conditioner with installation and Walk-in wall with a linear drain on the products shown in the package catalogs.<\/p>\n\n<p><\/p>\n\n<br\/>\r\n\n<p><\/p>\n\n<h4 class=\"wp-block-heading\" id=\"inwestycyjny-cennik\">Additional options &#8211; INVESTMENT package<\/h4>\n\n<p><\/p>\n\n<figure class=\"wp-block-table is-style-regular\"><table class=\"has-fixed-layout\"><tbody><tr><td>Category code<\/td><td>Additional product description<\/td><td>Surcharge amount (PLN\/gross)<\/td><\/tr><tr><td>ML<\/td><td>A cabinet with a countertop washbasin<\/td><td>850 z\u0142<\/td><\/tr><tr><td>C<\/td><td>Sanitary ceramics<\/td><td>690 z\u0142<\/td><\/tr><tr><td>AR<\/td><td>A set of black fittings<\/td><td>1890 z\u0142<\/td><\/tr><tr><td>W<\/td><td>Additional bathtub models<\/td><td>590  z\u0142<\/td><\/tr><tr><td>P<\/td><td>A screen with a black profile<\/td><td>290 z\u0142<\/td><\/tr><tr><td>AK<\/td><td>A set of black accessories<\/td><td>350 z\u0142<\/td><\/tr><tr><td>WL<\/td><td>Walk-in wall with a linear drain<\/td><td>1190 z\u0142<\/td><\/tr><tr><td>V<\/td><td>Vinyl floor<\/td><td>60 z\u0142\/sqm.<\/td><\/tr><tr><td>ZB<\/td><td>Sink and kitchen faucet<\/td><td>690 z\u0142<\/td><\/tr><tr><td>S150<\/td><td>PAX wardrobes 150 cm wide<\/td><td>from 1800 zl<\/td><\/tr><tr><td>S200<\/td><td>PAX wardrobes 200 cm wide<\/td><td>from 2200 zl<\/td><\/tr><tr><td>SW<\/td><td>Made-to-measure wardrobes<\/td><td>from 4900 zl<\/td><\/tr><tr><td>\u0141<\/td><td>Upholstered beds<\/td><td>2490<\/td><\/tr><tr><td>S<\/td><td>sofas<\/td><td>690<\/td><\/tr><tr><td>F<\/td><td>Armchairs<\/td><td>from 190 zl<\/td><\/tr><tr><td>K<\/td><td>Air conditioning<\/td><td>from 5900 z\u0142<\/td><\/tr><tr><td>SZL44<\/td><td>Cabinet 44 cm with battery<\/td><td>300 z\u0142<\/td><\/tr><tr><td>SZL64<\/td><td>Cabinet 64 cm with battery<\/td><td>400 z\u0142<\/td><\/tr><\/tbody><\/table><\/figure>\n","protected":false},"excerpt":{"rendered":"<p>Cost of finishing the apartment based on the package<\/p>\n","protected":false},"author":6,"featured_media":10280,"parent":0,"menu_order":88,"comment_status":"closed","ping_status":"closed","template":"default-page.php","meta":{"_acf_changed":false,"footnotes":""},"class_list":["post-10279","page","type-page","status-publish","has-post-thumbnail","hentry"],"acf":[],"yoast_head":"<!-- This site is optimized with the Yoast SEO plugin v26.5 - https:\/\/yoast.com\/wordpress\/plugins\/seo\/ -->\n<title>Finishing packages prices - SaniWell - Us\u0142ugi wyko\u0144czenia wn\u0119trz Krak\u00f3w \u015al\u0105sk<\/title>\n<meta name=\"robots\" content=\"index, follow, max-snippet:-1, max-image-preview:large, max-video-preview:-1\" \/>\n<link rel=\"canonical\" href=\"https:\/\/saniwell.pl\/en\/finishing-packages-prices\/\" \/>\n<meta property=\"og:locale\" content=\"en_US\" \/>\n<meta property=\"og:type\" content=\"article\" \/>\n<meta property=\"og:title\" content=\"Finishing packages prices - SaniWell - Us\u0142ugi wyko\u0144czenia wn\u0119trz Krak\u00f3w \u015al\u0105sk\" \/>\n<meta property=\"og:description\" content=\"Cost of finishing the apartment based on the package\" \/>\n<meta property=\"og:url\" content=\"https:\/\/saniwell.pl\/en\/finishing-packages-prices\/\" \/>\n<meta property=\"og:site_name\" content=\"SaniWell - Us\u0142ugi wyko\u0144czenia wn\u0119trz Krak\u00f3w \u015al\u0105sk\" \/>\n<meta property=\"article:modified_time\" content=\"2024-07-11T14:37:02+00:00\" \/>\n<meta property=\"og:image\" content=\"https:\/\/saniwell.pl\/wp-content\/uploads\/2020\/08\/calculator-1680905_1920.jpg\" \/>\n\t<meta property=\"og:image:width\" content=\"1920\" \/>\n\t<meta property=\"og:image:height\" content=\"1280\" \/>\n\t<meta property=\"og:image:type\" content=\"image\/jpeg\" \/>\n<meta name=\"twitter:card\" content=\"summary_large_image\" \/>\n<meta name=\"twitter:label1\" content=\"Est. reading time\" \/>\n\t<meta name=\"twitter:data1\" content=\"4 minutes\" \/>\n<script type=\"application\/ld+json\" class=\"yoast-schema-graph\">{\"@context\":\"https:\/\/schema.org\",\"@graph\":[{\"@type\":\"WebPage\",\"@id\":\"https:\/\/saniwell.pl\/en\/finishing-packages-prices\/\",\"url\":\"https:\/\/saniwell.pl\/en\/finishing-packages-prices\/\",\"name\":\"Finishing packages prices - SaniWell - Us\u0142ugi wyko\u0144czenia wn\u0119trz Krak\u00f3w \u015al\u0105sk\",\"isPartOf\":{\"@id\":\"https:\/\/saniwell.pl\/en\/#website\"},\"primaryImageOfPage\":{\"@id\":\"https:\/\/saniwell.pl\/en\/finishing-packages-prices\/#primaryimage\"},\"image\":{\"@id\":\"https:\/\/saniwell.pl\/en\/finishing-packages-prices\/#primaryimage\"},\"thumbnailUrl\":\"https:\/\/saniwell.pl\/wp-content\/uploads\/2020\/08\/calculator-1680905_1920.jpg\",\"datePublished\":\"2021-09-23T10:21:21+00:00\",\"dateModified\":\"2024-07-11T14:37:02+00:00\",\"breadcrumb\":{\"@id\":\"https:\/\/saniwell.pl\/en\/finishing-packages-prices\/#breadcrumb\"},\"inLanguage\":\"en-US\",\"potentialAction\":[{\"@type\":\"ReadAction\",\"target\":[\"https:\/\/saniwell.pl\/en\/finishing-packages-prices\/\"]}]},{\"@type\":\"ImageObject\",\"inLanguage\":\"en-US\",\"@id\":\"https:\/\/saniwell.pl\/en\/finishing-packages-prices\/#primaryimage\",\"url\":\"https:\/\/saniwell.pl\/wp-content\/uploads\/2020\/08\/calculator-1680905_1920.jpg\",\"contentUrl\":\"https:\/\/saniwell.pl\/wp-content\/uploads\/2020\/08\/calculator-1680905_1920.jpg\",\"width\":1920,\"height\":1280},{\"@type\":\"BreadcrumbList\",\"@id\":\"https:\/\/saniwell.pl\/en\/finishing-packages-prices\/#breadcrumb\",\"itemListElement\":[{\"@type\":\"ListItem\",\"position\":1,\"name\":\"Turnkey services\",\"item\":\"https:\/\/saniwell.pl\/en\/\"},{\"@type\":\"ListItem\",\"position\":2,\"name\":\"Finishing packages prices\"}]},{\"@type\":\"WebSite\",\"@id\":\"https:\/\/saniwell.pl\/en\/#website\",\"url\":\"https:\/\/saniwell.pl\/en\/\",\"name\":\"SaniWell - Us\u0142ugi wyko\u0144czenia wn\u0119trz Krak\u00f3w \u015al\u0105sk\",\"description\":\"Saniwell to firma projektowo-wyko\u0144czeniowa \u015bwiadcz\u0105ca us\u0142ugi wyka\u0144czania mieszka\u0144 i apartament\u00f3w pod klucz w standardzie \u201ewchodzisz i mieszkasz\u201d. Prace wyko\u0144czeniowe prowadzimy w oparciu o projekty wn\u0119trz przygotowywane przez architekt\u00f3w.\",\"publisher\":{\"@id\":\"https:\/\/saniwell.pl\/en\/#organization\"},\"potentialAction\":[{\"@type\":\"SearchAction\",\"target\":{\"@type\":\"EntryPoint\",\"urlTemplate\":\"https:\/\/saniwell.pl\/en\/?s={search_term_string}\"},\"query-input\":{\"@type\":\"PropertyValueSpecification\",\"valueRequired\":true,\"valueName\":\"search_term_string\"}}],\"inLanguage\":\"en-US\"},{\"@type\":\"Organization\",\"@id\":\"https:\/\/saniwell.pl\/en\/#organization\",\"name\":\"Saniwell - Wn\u0119trza pod klucz\",\"url\":\"https:\/\/saniwell.pl\/en\/\",\"logo\":{\"@type\":\"ImageObject\",\"inLanguage\":\"en-US\",\"@id\":\"https:\/\/saniwell.pl\/en\/#\/schema\/logo\/image\/\",\"url\":\"https:\/\/saniwell.pl\/wp-content\/uploads\/2019\/10\/Logo_kolor_dopisek.png\",\"contentUrl\":\"https:\/\/saniwell.pl\/wp-content\/uploads\/2019\/10\/Logo_kolor_dopisek.png\",\"width\":142,\"height\":43,\"caption\":\"Saniwell - Wn\u0119trza pod klucz\"},\"image\":{\"@id\":\"https:\/\/saniwell.pl\/en\/#\/schema\/logo\/image\/\"}}]}<\/script>\n<!-- \/ Yoast SEO plugin. -->","yoast_head_json":{"title":"Finishing packages prices - SaniWell - Us\u0142ugi wyko\u0144czenia wn\u0119trz Krak\u00f3w \u015al\u0105sk","robots":{"index":"index","follow":"follow","max-snippet":"max-snippet:-1","max-image-preview":"max-image-preview:large","max-video-preview":"max-video-preview:-1"},"canonical":"https:\/\/saniwell.pl\/en\/finishing-packages-prices\/","og_locale":"en_US","og_type":"article","og_title":"Finishing packages prices - SaniWell - Us\u0142ugi wyko\u0144czenia wn\u0119trz Krak\u00f3w \u015al\u0105sk","og_description":"Cost of finishing the apartment based on the package","og_url":"https:\/\/saniwell.pl\/en\/finishing-packages-prices\/","og_site_name":"SaniWell - Us\u0142ugi wyko\u0144czenia wn\u0119trz Krak\u00f3w \u015al\u0105sk","article_modified_time":"2024-07-11T14:37:02+00:00","og_image":[{"width":1920,"height":1280,"url":"https:\/\/saniwell.pl\/wp-content\/uploads\/2020\/08\/calculator-1680905_1920.jpg","type":"image\/jpeg"}],"twitter_card":"summary_large_image","twitter_misc":{"Est. reading time":"4 minutes"},"schema":{"@context":"https:\/\/schema.org","@graph":[{"@type":"WebPage","@id":"https:\/\/saniwell.pl\/en\/finishing-packages-prices\/","url":"https:\/\/saniwell.pl\/en\/finishing-packages-prices\/","name":"Finishing packages prices - SaniWell - Us\u0142ugi wyko\u0144czenia wn\u0119trz Krak\u00f3w \u015al\u0105sk","isPartOf":{"@id":"https:\/\/saniwell.pl\/en\/#website"},"primaryImageOfPage":{"@id":"https:\/\/saniwell.pl\/en\/finishing-packages-prices\/#primaryimage"},"image":{"@id":"https:\/\/saniwell.pl\/en\/finishing-packages-prices\/#primaryimage"},"thumbnailUrl":"https:\/\/saniwell.pl\/wp-content\/uploads\/2020\/08\/calculator-1680905_1920.jpg","datePublished":"2021-09-23T10:21:21+00:00","dateModified":"2024-07-11T14:37:02+00:00","breadcrumb":{"@id":"https:\/\/saniwell.pl\/en\/finishing-packages-prices\/#breadcrumb"},"inLanguage":"en-US","potentialAction":[{"@type":"ReadAction","target":["https:\/\/saniwell.pl\/en\/finishing-packages-prices\/"]}]},{"@type":"ImageObject","inLanguage":"en-US","@id":"https:\/\/saniwell.pl\/en\/finishing-packages-prices\/#primaryimage","url":"https:\/\/saniwell.pl\/wp-content\/uploads\/2020\/08\/calculator-1680905_1920.jpg","contentUrl":"https:\/\/saniwell.pl\/wp-content\/uploads\/2020\/08\/calculator-1680905_1920.jpg","width":1920,"height":1280},{"@type":"BreadcrumbList","@id":"https:\/\/saniwell.pl\/en\/finishing-packages-prices\/#breadcrumb","itemListElement":[{"@type":"ListItem","position":1,"name":"Turnkey services","item":"https:\/\/saniwell.pl\/en\/"},{"@type":"ListItem","position":2,"name":"Finishing packages prices"}]},{"@type":"WebSite","@id":"https:\/\/saniwell.pl\/en\/#website","url":"https:\/\/saniwell.pl\/en\/","name":"SaniWell - Us\u0142ugi wyko\u0144czenia wn\u0119trz Krak\u00f3w \u015al\u0105sk","description":"Saniwell to firma projektowo-wyko\u0144czeniowa \u015bwiadcz\u0105ca us\u0142ugi wyka\u0144czania mieszka\u0144 i apartament\u00f3w pod klucz w standardzie \u201ewchodzisz i mieszkasz\u201d. Prace wyko\u0144czeniowe prowadzimy w oparciu o projekty wn\u0119trz przygotowywane przez architekt\u00f3w.","publisher":{"@id":"https:\/\/saniwell.pl\/en\/#organization"},"potentialAction":[{"@type":"SearchAction","target":{"@type":"EntryPoint","urlTemplate":"https:\/\/saniwell.pl\/en\/?s={search_term_string}"},"query-input":{"@type":"PropertyValueSpecification","valueRequired":true,"valueName":"search_term_string"}}],"inLanguage":"en-US"},{"@type":"Organization","@id":"https:\/\/saniwell.pl\/en\/#organization","name":"Saniwell - Wn\u0119trza pod klucz","url":"https:\/\/saniwell.pl\/en\/","logo":{"@type":"ImageObject","inLanguage":"en-US","@id":"https:\/\/saniwell.pl\/en\/#\/schema\/logo\/image\/","url":"https:\/\/saniwell.pl\/wp-content\/uploads\/2019\/10\/Logo_kolor_dopisek.png","contentUrl":"https:\/\/saniwell.pl\/wp-content\/uploads\/2019\/10\/Logo_kolor_dopisek.png","width":142,"height":43,"caption":"Saniwell - Wn\u0119trza pod klucz"},"image":{"@id":"https:\/\/saniwell.pl\/en\/#\/schema\/logo\/image\/"}}]}},"_links":{"self":[{"href":"https:\/\/saniwell.pl\/en\/wp-json\/wp\/v2\/pages\/10279","targetHints":{"allow":["GET"]}}],"collection":[{"href":"https:\/\/saniwell.pl\/en\/wp-json\/wp\/v2\/pages"}],"about":[{"href":"https:\/\/saniwell.pl\/en\/wp-json\/wp\/v2\/types\/page"}],"author":[{"embeddable":true,"href":"https:\/\/saniwell.pl\/en\/wp-json\/wp\/v2\/users\/6"}],"replies":[{"embeddable":true,"href":"https:\/\/saniwell.pl\/en\/wp-json\/wp\/v2\/comments?post=10279"}],"version-history":[{"count":29,"href":"https:\/\/saniwell.pl\/en\/wp-json\/wp\/v2\/pages\/10279\/revisions"}],"predecessor-version":[{"id":17126,"href":"https:\/\/saniwell.pl\/en\/wp-json\/wp\/v2\/pages\/10279\/revisions\/17126"}],"wp:featuredmedia":[{"embeddable":true,"href":"https:\/\/saniwell.pl\/en\/wp-json\/wp\/v2\/media\/10280"}],"wp:attachment":[{"href":"https:\/\/saniwell.pl\/en\/wp-json\/wp\/v2\/media?parent=10279"}],"curies":[{"name":"wp","href":"https:\/\/api.w.org\/{rel}","templated":true}]}}