{"id":10653,"date":"2021-10-19T09:33:15","date_gmt":"2021-10-19T07:33:15","guid":{"rendered":"https:\/\/saniwell.pl\/turnkey-katowice\/"},"modified":"2021-10-19T09:33:18","modified_gmt":"2021-10-19T07:33:18","slug":"turnkey-katowice","status":"publish","type":"page","link":"https:\/\/saniwell.pl\/en\/turnkey-katowice\/","title":{"rendered":"Turnkey Katowice"},"content":{"rendered":"\n<h2 class=\"wp-block-heading\">Turnkey apartment finishing in Katowice. Interior design and comprehensive turnkey service in the &#8220;come in and live&#8221; standard.<\/h2>\n\n<p><\/p>\n\n<p>The interior design and comprehensive turnkey finishing service provided by SaniWell includes full equipment and furnishings of the apartment. Apartments and houses handed over by SaniWell are ready to move in. For the customer, this means no obligation to supervise renovation and construction works or to coordinate orders and deliveries of goods. We also deal with the selection of reliable flush-mounted elements, the selection of the appropriate floor for underfloor heating or the layout of the lighting system.<\/p>\n\n<p>We are responsible for all works that are carried out in accordance with the individual interior design. What&#8217;s more, our clients gain additional free time for relax and a guarantee of professional finishing and furnishings. This is why the &#8220;come in and live in&#8221; standard is a unique service, resulting in beautiful and unique interiors.<\/p>\n\n<p><\/p>\n\n<h4 class=\"wp-block-heading\">The new SaniWell interior turnkey office in Katowice<\/h4>\n\n<p><\/p>\n\n<p>From September, everyone interested in the subject of interior design and turnkey furnishings is invited to our new office in Katowice. We are happy to answer any questions you may have about our flats, houses and apartments finishing services. We will tell you why, when you want to finish your flat, it is worth giving your flat to SaniWell and using our &#8220;come in and live&#8221; service.<\/p>\n\n<p>What&#8217;s more, we are happy to share the space of our new office with the einteriors studio!<\/p>\n\n<p><\/p>\n\n<p>The turnkey interior of the SaniWell office is being built in a tenement house at 10 Mickiewicza Street in Katowice.<\/p>\n\n<p><\/p>\n<iframe src=\"https:\/\/www.google.com\/maps\/embed?pb=!1m18!1m12!1m3!1d2550.6915469303985!2d19.017874415724535!3d50.26034497944963!2m3!1f0!2f0!3f0!3m2!1i1024!2i768!4f13.1!3m3!1m2!1s0x4716ce38204e9415%3A0xd35cd8fd80b64507!2sMickiewicza%2010%2C%2040-092%20Katowice!5e0!3m2!1spl!2spl!4v1629798569758!5m2!1spl!2spl\" width=\"600\" height=\"450\" style=\"border:0;\" allowfullscreen=\"\" loading=\"lazy\"><\/iframe>\r\n\n<p><\/p>\n\n<h4 class=\"wp-block-heading\">Why &#8220;come in and live&#8221; standard?<\/h4>\n\n<p><\/p>\n\n<p>At SaniWell, we are responsible for all works that lead to the interior of your dreams. Our &#8220;come in and live&#8221; standard is a service that differs significantly from popular packaged solutions. This is because we are responsible for all the works that lead to an interior that is ready to move in. We supervise, among others renovation and construction works, custom-made furniture, purchase, transport and assembly of floors, doors, lighting, ready-made furniture, decor accessories and other furnishing products for all rooms.<\/p>\n\n<p><\/p>\n\n<h4 class=\"wp-block-heading\">Visualizations of the new SaniWell interior turnkey office in Katowice<\/h4>\n\n<p><\/p>\n\n<p>Below we present a visualization gallery of our new office, where we will soon be able to host our Silesian clients.<\/p>\n\n\t\t<style type=\"text\/css\">\n\t\t\t#gallery-1 {\n\t\t\t\tmargin: auto;\n\t\t\t}\n\t\t\t#gallery-1 .gallery-item {\n\t\t\t\tfloat: left;\n\t\t\t\tmargin-top: 10px;\n\t\t\t\ttext-align: center;\n\t\t\t\twidth: 33%;\n\t\t\t}\n\t\t\t#gallery-1 img {\n\t\t\t\tborder: 2px solid #cfcfcf;\n\t\t\t}\n\t\t\t#gallery-1 .gallery-caption {\n\t\t\t\tmargin-left: 0;\n\t\t\t}\n\t\t\t\/* see gallery_shortcode() in wp-includes\/media.php *\/\n\t\t<\/style>\n\t\t<div id='gallery-1' class='gallery galleryid-10653 gallery-columns-3 gallery-size-thumbnail'><dl class='gallery-item'>\n\t\t\t<dt class='gallery-icon landscape'>\n\t\t\t\t<a href='https:\/\/saniwell.pl\/en\/turnkey-katowice\/saniwell-podklucz-katowice-mickiewicza-1-2\/'><img decoding=\"async\" width=\"150\" height=\"150\" src=\"https:\/\/saniwell.pl\/wp-content\/uploads\/2021\/08\/SaniWell-podklucz-katowice-mickiewicza-1-150x150.jpg\" class=\"attachment-thumbnail size-thumbnail\" alt=\"\" \/><\/a>\n\t\t\t<\/dt><\/dl><dl class='gallery-item'>\n\t\t\t<dt class='gallery-icon landscape'>\n\t\t\t\t<a href='https:\/\/saniwell.pl\/en\/turnkey-katowice\/saniwell-podklucz-katowice-mickiewicza-2-2\/'><img decoding=\"async\" width=\"150\" height=\"150\" src=\"https:\/\/saniwell.pl\/wp-content\/uploads\/2021\/08\/SaniWell-podklucz-katowice-mickiewicza-2-150x150.jpg\" class=\"attachment-thumbnail size-thumbnail\" alt=\"\" \/><\/a>\n\t\t\t<\/dt><\/dl><dl class='gallery-item'>\n\t\t\t<dt class='gallery-icon landscape'>\n\t\t\t\t<a href='https:\/\/saniwell.pl\/en\/turnkey-katowice\/saniwell-podklucz-katowice-mickiewicza-3-2\/'><img decoding=\"async\" width=\"150\" height=\"150\" src=\"https:\/\/saniwell.pl\/wp-content\/uploads\/2021\/08\/SaniWell-podklucz-katowice-mickiewicza-3-150x150.jpg\" class=\"attachment-thumbnail size-thumbnail\" alt=\"\" \/><\/a>\n\t\t\t<\/dt><\/dl><br style=\"clear: both\" \/><dl class='gallery-item'>\n\t\t\t<dt class='gallery-icon landscape'>\n\t\t\t\t<a href='https:\/\/saniwell.pl\/en\/turnkey-katowice\/saniwell-podklucz-katowice-mickiewicza-4-2\/'><img loading=\"lazy\" decoding=\"async\" width=\"150\" height=\"150\" src=\"https:\/\/saniwell.pl\/wp-content\/uploads\/2021\/08\/SaniWell-podklucz-katowice-mickiewicza-4-150x150.jpg\" class=\"attachment-thumbnail size-thumbnail\" alt=\"\" \/><\/a>\n\t\t\t<\/dt><\/dl><dl class='gallery-item'>\n\t\t\t<dt class='gallery-icon landscape'>\n\t\t\t\t<a href='https:\/\/saniwell.pl\/en\/turnkey-katowice\/saniwell-podklucz-katowice-mickiewicza-5-2\/'><img loading=\"lazy\" decoding=\"async\" width=\"150\" height=\"150\" src=\"https:\/\/saniwell.pl\/wp-content\/uploads\/2021\/08\/SaniWell-podklucz-katowice-mickiewicza-5-150x150.jpg\" class=\"attachment-thumbnail size-thumbnail\" alt=\"\" \/><\/a>\n\t\t\t<\/dt><\/dl><dl class='gallery-item'>\n\t\t\t<dt class='gallery-icon landscape'>\n\t\t\t\t<a href='https:\/\/saniwell.pl\/en\/turnkey-katowice\/saniwell-podklucz-katowice-mickiewicza-6-2\/'><img loading=\"lazy\" decoding=\"async\" width=\"150\" height=\"150\" src=\"https:\/\/saniwell.pl\/wp-content\/uploads\/2021\/08\/SaniWell-podklucz-katowice-mickiewicza-6-150x150.jpg\" class=\"attachment-thumbnail size-thumbnail\" alt=\"\" \/><\/a>\n\t\t\t<\/dt><\/dl><br style=\"clear: both\" \/>\n\t\t<\/div>\n\r\n","protected":false},"excerpt":{"rendered":"<p>Katowice &#8211; interior design and turnkey apartment arrangement. You just &#8220;come in and live&#8221;<\/p>\n","protected":false},"author":6,"featured_media":10058,"parent":0,"menu_order":83,"comment_status":"closed","ping_status":"closed","template":"default-page.php","meta":{"_acf_changed":false,"footnotes":""},"class_list":["post-10653","page","type-page","status-publish","has-post-thumbnail","hentry"],"acf":[],"yoast_head":"<!-- This site is optimized with the Yoast SEO plugin v26.5 - https:\/\/yoast.com\/wordpress\/plugins\/seo\/ -->\n<title>Turnkey Katowice - SaniWell - Us\u0142ugi wyko\u0144czenia wn\u0119trz Krak\u00f3w \u015al\u0105sk<\/title>\n<meta name=\"description\" content=\"Turnkey finish in Katowice. Interior design and comprehensive turnkey finishing service in the &quot;come in and live&quot; standard. Katowice, Silesia\" \/>\n<meta name=\"robots\" content=\"index, follow, max-snippet:-1, max-image-preview:large, max-video-preview:-1\" \/>\n<link rel=\"canonical\" href=\"https:\/\/saniwell.pl\/en\/turnkey-katowice\/\" \/>\n<meta property=\"og:locale\" content=\"en_US\" \/>\n<meta property=\"og:type\" content=\"article\" \/>\n<meta property=\"og:title\" content=\"Turnkey Katowice - SaniWell - Us\u0142ugi wyko\u0144czenia wn\u0119trz Krak\u00f3w \u015al\u0105sk\" \/>\n<meta property=\"og:description\" content=\"Turnkey finish in Katowice. Interior design and comprehensive turnkey finishing service in the &quot;come in and live&quot; standard. Katowice, Silesia\" \/>\n<meta property=\"og:url\" content=\"https:\/\/saniwell.pl\/en\/turnkey-katowice\/\" \/>\n<meta property=\"og:site_name\" content=\"SaniWell - Us\u0142ugi wyko\u0144czenia wn\u0119trz Krak\u00f3w \u015al\u0105sk\" \/>\n<meta property=\"article:modified_time\" content=\"2021-10-19T07:33:18+00:00\" \/>\n<meta property=\"og:image\" content=\"https:\/\/saniwell.pl\/wp-content\/uploads\/2021\/08\/saniwell-urzadzamy-pod-klucz-w-katowicach.jpg\" \/>\n\t<meta property=\"og:image:width\" content=\"1000\" \/>\n\t<meta property=\"og:image:height\" content=\"562\" \/>\n\t<meta property=\"og:image:type\" content=\"image\/jpeg\" \/>\n<meta name=\"twitter:card\" content=\"summary_large_image\" \/>\n<meta name=\"twitter:label1\" content=\"Est. reading time\" \/>\n\t<meta name=\"twitter:data1\" content=\"2 minutes\" \/>\n<script type=\"application\/ld+json\" class=\"yoast-schema-graph\">{\"@context\":\"https:\/\/schema.org\",\"@graph\":[{\"@type\":\"WebPage\",\"@id\":\"https:\/\/saniwell.pl\/en\/turnkey-katowice\/\",\"url\":\"https:\/\/saniwell.pl\/en\/turnkey-katowice\/\",\"name\":\"Turnkey Katowice - SaniWell - Us\u0142ugi wyko\u0144czenia wn\u0119trz Krak\u00f3w \u015al\u0105sk\",\"isPartOf\":{\"@id\":\"https:\/\/saniwell.pl\/en\/#website\"},\"primaryImageOfPage\":{\"@id\":\"https:\/\/saniwell.pl\/en\/turnkey-katowice\/#primaryimage\"},\"image\":{\"@id\":\"https:\/\/saniwell.pl\/en\/turnkey-katowice\/#primaryimage\"},\"thumbnailUrl\":\"https:\/\/saniwell.pl\/wp-content\/uploads\/2021\/08\/saniwell-urzadzamy-pod-klucz-w-katowicach.jpg\",\"datePublished\":\"2021-10-19T07:33:15+00:00\",\"dateModified\":\"2021-10-19T07:33:18+00:00\",\"description\":\"Turnkey finish in Katowice. Interior design and comprehensive turnkey finishing service in the \\\"come in and live\\\" standard. Katowice, Silesia\",\"breadcrumb\":{\"@id\":\"https:\/\/saniwell.pl\/en\/turnkey-katowice\/#breadcrumb\"},\"inLanguage\":\"en-US\",\"potentialAction\":[{\"@type\":\"ReadAction\",\"target\":[\"https:\/\/saniwell.pl\/en\/turnkey-katowice\/\"]}]},{\"@type\":\"ImageObject\",\"inLanguage\":\"en-US\",\"@id\":\"https:\/\/saniwell.pl\/en\/turnkey-katowice\/#primaryimage\",\"url\":\"https:\/\/saniwell.pl\/wp-content\/uploads\/2021\/08\/saniwell-urzadzamy-pod-klucz-w-katowicach.jpg\",\"contentUrl\":\"https:\/\/saniwell.pl\/wp-content\/uploads\/2021\/08\/saniwell-urzadzamy-pod-klucz-w-katowicach.jpg\",\"width\":1000,\"height\":562},{\"@type\":\"BreadcrumbList\",\"@id\":\"https:\/\/saniwell.pl\/en\/turnkey-katowice\/#breadcrumb\",\"itemListElement\":[{\"@type\":\"ListItem\",\"position\":1,\"name\":\"Turnkey services\",\"item\":\"https:\/\/saniwell.pl\/en\/\"},{\"@type\":\"ListItem\",\"position\":2,\"name\":\"Turnkey Katowice\"}]},{\"@type\":\"WebSite\",\"@id\":\"https:\/\/saniwell.pl\/en\/#website\",\"url\":\"https:\/\/saniwell.pl\/en\/\",\"name\":\"SaniWell - Us\u0142ugi wyko\u0144czenia wn\u0119trz Krak\u00f3w \u015al\u0105sk\",\"description\":\"Saniwell to firma projektowo-wyko\u0144czeniowa \u015bwiadcz\u0105ca us\u0142ugi wyka\u0144czania mieszka\u0144 i apartament\u00f3w pod klucz w standardzie \u201ewchodzisz i mieszkasz\u201d. Prace wyko\u0144czeniowe prowadzimy w oparciu o projekty wn\u0119trz przygotowywane przez architekt\u00f3w.\",\"publisher\":{\"@id\":\"https:\/\/saniwell.pl\/en\/#organization\"},\"potentialAction\":[{\"@type\":\"SearchAction\",\"target\":{\"@type\":\"EntryPoint\",\"urlTemplate\":\"https:\/\/saniwell.pl\/en\/?s={search_term_string}\"},\"query-input\":{\"@type\":\"PropertyValueSpecification\",\"valueRequired\":true,\"valueName\":\"search_term_string\"}}],\"inLanguage\":\"en-US\"},{\"@type\":\"Organization\",\"@id\":\"https:\/\/saniwell.pl\/en\/#organization\",\"name\":\"Saniwell - Wn\u0119trza pod klucz\",\"url\":\"https:\/\/saniwell.pl\/en\/\",\"logo\":{\"@type\":\"ImageObject\",\"inLanguage\":\"en-US\",\"@id\":\"https:\/\/saniwell.pl\/en\/#\/schema\/logo\/image\/\",\"url\":\"https:\/\/saniwell.pl\/wp-content\/uploads\/2019\/10\/Logo_kolor_dopisek.png\",\"contentUrl\":\"https:\/\/saniwell.pl\/wp-content\/uploads\/2019\/10\/Logo_kolor_dopisek.png\",\"width\":142,\"height\":43,\"caption\":\"Saniwell - Wn\u0119trza pod klucz\"},\"image\":{\"@id\":\"https:\/\/saniwell.pl\/en\/#\/schema\/logo\/image\/\"}}]}<\/script>\n<!-- \/ Yoast SEO plugin. -->","yoast_head_json":{"title":"Turnkey Katowice - SaniWell - Us\u0142ugi wyko\u0144czenia wn\u0119trz Krak\u00f3w \u015al\u0105sk","description":"Turnkey finish in Katowice. Interior design and comprehensive turnkey finishing service in the \"come in and live\" standard. Katowice, Silesia","robots":{"index":"index","follow":"follow","max-snippet":"max-snippet:-1","max-image-preview":"max-image-preview:large","max-video-preview":"max-video-preview:-1"},"canonical":"https:\/\/saniwell.pl\/en\/turnkey-katowice\/","og_locale":"en_US","og_type":"article","og_title":"Turnkey Katowice - SaniWell - Us\u0142ugi wyko\u0144czenia wn\u0119trz Krak\u00f3w \u015al\u0105sk","og_description":"Turnkey finish in Katowice. Interior design and comprehensive turnkey finishing service in the \"come in and live\" standard. Katowice, Silesia","og_url":"https:\/\/saniwell.pl\/en\/turnkey-katowice\/","og_site_name":"SaniWell - Us\u0142ugi wyko\u0144czenia wn\u0119trz Krak\u00f3w \u015al\u0105sk","article_modified_time":"2021-10-19T07:33:18+00:00","og_image":[{"width":1000,"height":562,"url":"https:\/\/saniwell.pl\/wp-content\/uploads\/2021\/08\/saniwell-urzadzamy-pod-klucz-w-katowicach.jpg","type":"image\/jpeg"}],"twitter_card":"summary_large_image","twitter_misc":{"Est. reading time":"2 minutes"},"schema":{"@context":"https:\/\/schema.org","@graph":[{"@type":"WebPage","@id":"https:\/\/saniwell.pl\/en\/turnkey-katowice\/","url":"https:\/\/saniwell.pl\/en\/turnkey-katowice\/","name":"Turnkey Katowice - SaniWell - Us\u0142ugi wyko\u0144czenia wn\u0119trz Krak\u00f3w \u015al\u0105sk","isPartOf":{"@id":"https:\/\/saniwell.pl\/en\/#website"},"primaryImageOfPage":{"@id":"https:\/\/saniwell.pl\/en\/turnkey-katowice\/#primaryimage"},"image":{"@id":"https:\/\/saniwell.pl\/en\/turnkey-katowice\/#primaryimage"},"thumbnailUrl":"https:\/\/saniwell.pl\/wp-content\/uploads\/2021\/08\/saniwell-urzadzamy-pod-klucz-w-katowicach.jpg","datePublished":"2021-10-19T07:33:15+00:00","dateModified":"2021-10-19T07:33:18+00:00","description":"Turnkey finish in Katowice. Interior design and comprehensive turnkey finishing service in the \"come in and live\" standard. Katowice, Silesia","breadcrumb":{"@id":"https:\/\/saniwell.pl\/en\/turnkey-katowice\/#breadcrumb"},"inLanguage":"en-US","potentialAction":[{"@type":"ReadAction","target":["https:\/\/saniwell.pl\/en\/turnkey-katowice\/"]}]},{"@type":"ImageObject","inLanguage":"en-US","@id":"https:\/\/saniwell.pl\/en\/turnkey-katowice\/#primaryimage","url":"https:\/\/saniwell.pl\/wp-content\/uploads\/2021\/08\/saniwell-urzadzamy-pod-klucz-w-katowicach.jpg","contentUrl":"https:\/\/saniwell.pl\/wp-content\/uploads\/2021\/08\/saniwell-urzadzamy-pod-klucz-w-katowicach.jpg","width":1000,"height":562},{"@type":"BreadcrumbList","@id":"https:\/\/saniwell.pl\/en\/turnkey-katowice\/#breadcrumb","itemListElement":[{"@type":"ListItem","position":1,"name":"Turnkey services","item":"https:\/\/saniwell.pl\/en\/"},{"@type":"ListItem","position":2,"name":"Turnkey Katowice"}]},{"@type":"WebSite","@id":"https:\/\/saniwell.pl\/en\/#website","url":"https:\/\/saniwell.pl\/en\/","name":"SaniWell - Us\u0142ugi wyko\u0144czenia wn\u0119trz Krak\u00f3w \u015al\u0105sk","description":"Saniwell to firma projektowo-wyko\u0144czeniowa \u015bwiadcz\u0105ca us\u0142ugi wyka\u0144czania mieszka\u0144 i apartament\u00f3w pod klucz w standardzie \u201ewchodzisz i mieszkasz\u201d. Prace wyko\u0144czeniowe prowadzimy w oparciu o projekty wn\u0119trz przygotowywane przez architekt\u00f3w.","publisher":{"@id":"https:\/\/saniwell.pl\/en\/#organization"},"potentialAction":[{"@type":"SearchAction","target":{"@type":"EntryPoint","urlTemplate":"https:\/\/saniwell.pl\/en\/?s={search_term_string}"},"query-input":{"@type":"PropertyValueSpecification","valueRequired":true,"valueName":"search_term_string"}}],"inLanguage":"en-US"},{"@type":"Organization","@id":"https:\/\/saniwell.pl\/en\/#organization","name":"Saniwell - Wn\u0119trza pod klucz","url":"https:\/\/saniwell.pl\/en\/","logo":{"@type":"ImageObject","inLanguage":"en-US","@id":"https:\/\/saniwell.pl\/en\/#\/schema\/logo\/image\/","url":"https:\/\/saniwell.pl\/wp-content\/uploads\/2019\/10\/Logo_kolor_dopisek.png","contentUrl":"https:\/\/saniwell.pl\/wp-content\/uploads\/2019\/10\/Logo_kolor_dopisek.png","width":142,"height":43,"caption":"Saniwell - Wn\u0119trza pod klucz"},"image":{"@id":"https:\/\/saniwell.pl\/en\/#\/schema\/logo\/image\/"}}]}},"_links":{"self":[{"href":"https:\/\/saniwell.pl\/en\/wp-json\/wp\/v2\/pages\/10653","targetHints":{"allow":["GET"]}}],"collection":[{"href":"https:\/\/saniwell.pl\/en\/wp-json\/wp\/v2\/pages"}],"about":[{"href":"https:\/\/saniwell.pl\/en\/wp-json\/wp\/v2\/types\/page"}],"author":[{"embeddable":true,"href":"https:\/\/saniwell.pl\/en\/wp-json\/wp\/v2\/users\/6"}],"replies":[{"embeddable":true,"href":"https:\/\/saniwell.pl\/en\/wp-json\/wp\/v2\/comments?post=10653"}],"version-history":[{"count":3,"href":"https:\/\/saniwell.pl\/en\/wp-json\/wp\/v2\/pages\/10653\/revisions"}],"predecessor-version":[{"id":10656,"href":"https:\/\/saniwell.pl\/en\/wp-json\/wp\/v2\/pages\/10653\/revisions\/10656"}],"wp:featuredmedia":[{"embeddable":true,"href":"https:\/\/saniwell.pl\/en\/wp-json\/wp\/v2\/media\/10058"}],"wp:attachment":[{"href":"https:\/\/saniwell.pl\/en\/wp-json\/wp\/v2\/media?parent=10653"}],"curies":[{"name":"wp","href":"https:\/\/api.w.org\/{rel}","templated":true}]}}