{"id":13300,"date":"2022-10-07T08:49:09","date_gmt":"2022-10-07T06:49:09","guid":{"rendered":"https:\/\/saniwell.pl\/realizations\/"},"modified":"2022-10-07T10:11:53","modified_gmt":"2022-10-07T08:11:53","slug":"realizations","status":"publish","type":"page","link":"https:\/\/saniwell.pl\/en\/realizations\/","title":{"rendered":"Realizations"},"content":{"rendered":"","protected":false},"excerpt":{"rendered":"","protected":false},"author":3,"featured_media":0,"parent":0,"menu_order":97,"comment_status":"closed","ping_status":"closed","template":"realizations.php","meta":{"_acf_changed":false,"footnotes":""},"class_list":["post-13300","page","type-page","status-publish","hentry"],"acf":[],"yoast_head":"<!-- This site is optimized with the Yoast SEO plugin v26.5 - https:\/\/yoast.com\/wordpress\/plugins\/seo\/ -->\n<title>Realizations - SaniWell - Us\u0142ugi wyko\u0144czenia wn\u0119trz Krak\u00f3w \u015al\u0105sk<\/title>\n<meta name=\"robots\" content=\"index, follow, max-snippet:-1, max-image-preview:large, max-video-preview:-1\" \/>\n<link rel=\"canonical\" href=\"https:\/\/saniwell.pl\/en\/realizations\/\" \/>\n<meta property=\"og:locale\" content=\"en_US\" \/>\n<meta property=\"og:type\" content=\"article\" \/>\n<meta property=\"og:title\" content=\"Realizations - SaniWell - Us\u0142ugi wyko\u0144czenia wn\u0119trz Krak\u00f3w \u015al\u0105sk\" \/>\n<meta property=\"og:url\" content=\"https:\/\/saniwell.pl\/en\/realizations\/\" \/>\n<meta property=\"og:site_name\" content=\"SaniWell - Us\u0142ugi wyko\u0144czenia wn\u0119trz Krak\u00f3w \u015al\u0105sk\" \/>\n<meta property=\"article:modified_time\" content=\"2022-10-07T08:11:53+00:00\" \/>\n<meta name=\"twitter:card\" content=\"summary_large_image\" \/>\n<script type=\"application\/ld+json\" class=\"yoast-schema-graph\">{\"@context\":\"https:\/\/schema.org\",\"@graph\":[{\"@type\":\"WebPage\",\"@id\":\"https:\/\/saniwell.pl\/en\/realizations\/\",\"url\":\"https:\/\/saniwell.pl\/en\/realizations\/\",\"name\":\"Realizations - SaniWell - Us\u0142ugi wyko\u0144czenia wn\u0119trz Krak\u00f3w \u015al\u0105sk\",\"isPartOf\":{\"@id\":\"https:\/\/saniwell.pl\/en\/#website\"},\"datePublished\":\"2022-10-07T06:49:09+00:00\",\"dateModified\":\"2022-10-07T08:11:53+00:00\",\"breadcrumb\":{\"@id\":\"https:\/\/saniwell.pl\/en\/realizations\/#breadcrumb\"},\"inLanguage\":\"en-US\",\"potentialAction\":[{\"@type\":\"ReadAction\",\"target\":[\"https:\/\/saniwell.pl\/en\/realizations\/\"]}]},{\"@type\":\"BreadcrumbList\",\"@id\":\"https:\/\/saniwell.pl\/en\/realizations\/#breadcrumb\",\"itemListElement\":[{\"@type\":\"ListItem\",\"position\":1,\"name\":\"Turnkey services\",\"item\":\"https:\/\/saniwell.pl\/en\/\"},{\"@type\":\"ListItem\",\"position\":2,\"name\":\"Realizations\"}]},{\"@type\":\"WebSite\",\"@id\":\"https:\/\/saniwell.pl\/en\/#website\",\"url\":\"https:\/\/saniwell.pl\/en\/\",\"name\":\"SaniWell - Us\u0142ugi wyko\u0144czenia wn\u0119trz Krak\u00f3w \u015al\u0105sk\",\"description\":\"Saniwell to firma projektowo-wyko\u0144czeniowa \u015bwiadcz\u0105ca us\u0142ugi wyka\u0144czania mieszka\u0144 i apartament\u00f3w pod klucz w standardzie \u201ewchodzisz i mieszkasz\u201d. Prace wyko\u0144czeniowe prowadzimy w oparciu o projekty wn\u0119trz przygotowywane przez architekt\u00f3w.\",\"publisher\":{\"@id\":\"https:\/\/saniwell.pl\/en\/#organization\"},\"potentialAction\":[{\"@type\":\"SearchAction\",\"target\":{\"@type\":\"EntryPoint\",\"urlTemplate\":\"https:\/\/saniwell.pl\/en\/?s={search_term_string}\"},\"query-input\":{\"@type\":\"PropertyValueSpecification\",\"valueRequired\":true,\"valueName\":\"search_term_string\"}}],\"inLanguage\":\"en-US\"},{\"@type\":\"Organization\",\"@id\":\"https:\/\/saniwell.pl\/en\/#organization\",\"name\":\"Saniwell - Wn\u0119trza pod klucz\",\"url\":\"https:\/\/saniwell.pl\/en\/\",\"logo\":{\"@type\":\"ImageObject\",\"inLanguage\":\"en-US\",\"@id\":\"https:\/\/saniwell.pl\/en\/#\/schema\/logo\/image\/\",\"url\":\"https:\/\/saniwell.pl\/wp-content\/uploads\/2019\/10\/Logo_kolor_dopisek.png\",\"contentUrl\":\"https:\/\/saniwell.pl\/wp-content\/uploads\/2019\/10\/Logo_kolor_dopisek.png\",\"width\":142,\"height\":43,\"caption\":\"Saniwell - Wn\u0119trza pod klucz\"},\"image\":{\"@id\":\"https:\/\/saniwell.pl\/en\/#\/schema\/logo\/image\/\"}}]}<\/script>\n<!-- \/ Yoast SEO plugin. -->","yoast_head_json":{"title":"Realizations - SaniWell - Us\u0142ugi wyko\u0144czenia wn\u0119trz Krak\u00f3w \u015al\u0105sk","robots":{"index":"index","follow":"follow","max-snippet":"max-snippet:-1","max-image-preview":"max-image-preview:large","max-video-preview":"max-video-preview:-1"},"canonical":"https:\/\/saniwell.pl\/en\/realizations\/","og_locale":"en_US","og_type":"article","og_title":"Realizations - SaniWell - Us\u0142ugi wyko\u0144czenia wn\u0119trz Krak\u00f3w \u015al\u0105sk","og_url":"https:\/\/saniwell.pl\/en\/realizations\/","og_site_name":"SaniWell - Us\u0142ugi wyko\u0144czenia wn\u0119trz Krak\u00f3w \u015al\u0105sk","article_modified_time":"2022-10-07T08:11:53+00:00","twitter_card":"summary_large_image","schema":{"@context":"https:\/\/schema.org","@graph":[{"@type":"WebPage","@id":"https:\/\/saniwell.pl\/en\/realizations\/","url":"https:\/\/saniwell.pl\/en\/realizations\/","name":"Realizations - SaniWell - Us\u0142ugi wyko\u0144czenia wn\u0119trz Krak\u00f3w \u015al\u0105sk","isPartOf":{"@id":"https:\/\/saniwell.pl\/en\/#website"},"datePublished":"2022-10-07T06:49:09+00:00","dateModified":"2022-10-07T08:11:53+00:00","breadcrumb":{"@id":"https:\/\/saniwell.pl\/en\/realizations\/#breadcrumb"},"inLanguage":"en-US","potentialAction":[{"@type":"ReadAction","target":["https:\/\/saniwell.pl\/en\/realizations\/"]}]},{"@type":"BreadcrumbList","@id":"https:\/\/saniwell.pl\/en\/realizations\/#breadcrumb","itemListElement":[{"@type":"ListItem","position":1,"name":"Turnkey services","item":"https:\/\/saniwell.pl\/en\/"},{"@type":"ListItem","position":2,"name":"Realizations"}]},{"@type":"WebSite","@id":"https:\/\/saniwell.pl\/en\/#website","url":"https:\/\/saniwell.pl\/en\/","name":"SaniWell - Us\u0142ugi wyko\u0144czenia wn\u0119trz Krak\u00f3w \u015al\u0105sk","description":"Saniwell to firma projektowo-wyko\u0144czeniowa \u015bwiadcz\u0105ca us\u0142ugi wyka\u0144czania mieszka\u0144 i apartament\u00f3w pod klucz w standardzie \u201ewchodzisz i mieszkasz\u201d. Prace wyko\u0144czeniowe prowadzimy w oparciu o projekty wn\u0119trz przygotowywane przez architekt\u00f3w.","publisher":{"@id":"https:\/\/saniwell.pl\/en\/#organization"},"potentialAction":[{"@type":"SearchAction","target":{"@type":"EntryPoint","urlTemplate":"https:\/\/saniwell.pl\/en\/?s={search_term_string}"},"query-input":{"@type":"PropertyValueSpecification","valueRequired":true,"valueName":"search_term_string"}}],"inLanguage":"en-US"},{"@type":"Organization","@id":"https:\/\/saniwell.pl\/en\/#organization","name":"Saniwell - Wn\u0119trza pod klucz","url":"https:\/\/saniwell.pl\/en\/","logo":{"@type":"ImageObject","inLanguage":"en-US","@id":"https:\/\/saniwell.pl\/en\/#\/schema\/logo\/image\/","url":"https:\/\/saniwell.pl\/wp-content\/uploads\/2019\/10\/Logo_kolor_dopisek.png","contentUrl":"https:\/\/saniwell.pl\/wp-content\/uploads\/2019\/10\/Logo_kolor_dopisek.png","width":142,"height":43,"caption":"Saniwell - Wn\u0119trza pod klucz"},"image":{"@id":"https:\/\/saniwell.pl\/en\/#\/schema\/logo\/image\/"}}]}},"_links":{"self":[{"href":"https:\/\/saniwell.pl\/en\/wp-json\/wp\/v2\/pages\/13300","targetHints":{"allow":["GET"]}}],"collection":[{"href":"https:\/\/saniwell.pl\/en\/wp-json\/wp\/v2\/pages"}],"about":[{"href":"https:\/\/saniwell.pl\/en\/wp-json\/wp\/v2\/types\/page"}],"author":[{"embeddable":true,"href":"https:\/\/saniwell.pl\/en\/wp-json\/wp\/v2\/users\/3"}],"replies":[{"embeddable":true,"href":"https:\/\/saniwell.pl\/en\/wp-json\/wp\/v2\/comments?post=13300"}],"version-history":[{"count":3,"href":"https:\/\/saniwell.pl\/en\/wp-json\/wp\/v2\/pages\/13300\/revisions"}],"predecessor-version":[{"id":13315,"href":"https:\/\/saniwell.pl\/en\/wp-json\/wp\/v2\/pages\/13300\/revisions\/13315"}],"wp:attachment":[{"href":"https:\/\/saniwell.pl\/en\/wp-json\/wp\/v2\/media?parent=13300"}],"curies":[{"name":"wp","href":"https:\/\/api.w.org\/{rel}","templated":true}]}}