{"id":14854,"date":"2023-05-22T08:33:58","date_gmt":"2023-05-22T06:33:58","guid":{"rendered":"https:\/\/saniwell.pl\/interior-finishing-standards\/apartment-renovation-refit\/"},"modified":"2023-05-22T08:33:59","modified_gmt":"2023-05-22T06:33:59","slug":"apartment-renovation-refit","status":"publish","type":"page","link":"https:\/\/saniwell.pl\/en\/interior-finishing-standards\/apartment-renovation-refit\/","title":{"rendered":"Apartment renovation &#8211; ReFIT"},"content":{"rendered":"\n<h2 class=\"wp-block-heading\">ReFIT: renovation of an apartment from the secondary market and restoration of the interior to the developer&#8217;s condition<\/h2>\n\n<p><\/p>\n\n<figure class=\"wp-block-video\"><video height=\"400\" style=\"aspect-ratio: 2000 \/ 400;\" width=\"2000\" autoplay=\"\" controls=\"\" loop=\"\" muted=\"\" src=\"https:\/\/saniwell.pl\/wp-content\/uploads\/2022\/11\/ReFIT-Saniwell-rynek-wtorny-mieszkanie.mp4\"><\/video><\/figure>\n\n<p><\/p>\n\n<p>We provide comprehensive renovation of apartments from the secondary market, and the exact scope of the ReFIT service depends on the client&#8217;s needs. It is worth noting that a general renovation of an apartment is a bigger challenge than finishing an apartment from a developer state. However, challenges and dream interiors ready to live in are our specialty! Therefore, get to know our comprehensive ReFIT renovation service<\/p>\n\n<p><\/p>\n\n<h4 class=\"wp-block-heading\">Scope of the ReFIT service<\/h4>\n\n<p><\/p>\n\n<p>The table below presents the basic scope of the ReFIT apartment renovation service, i.e. restoring the interior of the apartment to the so-called development standard<\/p>\n\n<p><\/p>\n\n<figure class=\"wp-block-table is-style-regular\"><table class=\"has-fixed-layout\"><thead><tr><th>Dismantling and demolition<\/th><th>Installation and interior customization<\/th><\/tr><\/thead><tbody><tr><td>furniture removal<\/td><td>leveling floors, making screeds<\/td><\/tr><tr><td>disassembly of kitchen and bathroom fittings<\/td><td>installation of a new electrical switchboard<\/td><\/tr><tr><td>chipping the tiles<\/td><td>distribution of a new electrical installation<\/td><\/tr><tr><td>tearing off the floors<\/td><td>providing points for lighting<\/td><\/tr><tr><td>gas cut-off<\/td><td>adaptation of new water and sewage points<\/td><\/tr><tr><td>removal of existing water and sewage points<\/td><td>alignment of walls, plastering of walls and ceiling<\/td><\/tr><tr><td>disassembly of external and internal doors<\/td><td>installation of external doors<\/td><\/tr><\/tbody><\/table><\/figure>\n\n<p><\/p>\n\n<h4 class=\"wp-block-heading\">Why ReFIT apartment renovation together with SaniWell?<\/h4>\n\n<p><\/p>\n\n<ul class=\"wp-block-list\"><li>Renovation of an apartment ReFIT is a complete service of bringing an apartment to the developer&#8217;s condition, performed by experienced experts from the secondary market;<\/li><li>Support and coordination at every stage of the renovation process;<\/li><li>Fast lead times and a comprehensive approach;<\/li><li>24 months warranty for the work done.<\/li><\/ul>\n\n<p><\/p>\n\n<p class=\"has-white-background-color has-background\">What&#8217;s more, the ReFIT renovation service can be extended by designing the apartment and comprehensive finishing in the &#8220;you come in and live&#8221; standard or a selected flexible finishing package.<\/p>\n<div class=\"wp-block-image\">\n<figure class=\"aligncenter size-full\"><img fetchpriority=\"high\" decoding=\"async\" width=\"900\" height=\"600\" src=\"https:\/\/saniwell.pl\/wp-content\/uploads\/2022\/12\/REFIT-REMONT-HUTA-FILMGIF-1.gif\" alt=\"\" class=\"wp-image-13931\"\/><\/figure>\n<\/div>\n<p><\/p>\n\n<p class=\"has-text-align-center\">More photos of the renovation of an apartment from the ReFIT secondary market<\/p>\n","protected":false},"excerpt":{"rendered":"<p>ReFIT: renovation of an apartment from the secondary market and restoration of the interior to the developer&#8217;s condition We provide comprehensive renovation of apartments from the secondary market, and the exact scope of the ReFIT service depends on the client&#8217;s needs. It is worth noting that a general renovation of an apartment is a bigger [&hellip;]<\/p>\n","protected":false},"author":6,"featured_media":13558,"parent":4843,"menu_order":101,"comment_status":"closed","ping_status":"closed","template":"default-page.php","meta":{"_acf_changed":false,"footnotes":""},"class_list":["post-14854","page","type-page","status-publish","has-post-thumbnail","hentry"],"acf":[],"yoast_head":"<!-- This site is optimized with the Yoast SEO plugin v26.5 - https:\/\/yoast.com\/wordpress\/plugins\/seo\/ -->\n<title>Renovation of an apartment from the secondary market and restoring the interior to a developer state<\/title>\n<meta name=\"description\" content=\"Renovation of an apartment from the secondary market and restoring the interior to the developer&#039;s condition -- ReFIT - comprehensive finishing of apartments from the secondary market\" \/>\n<meta name=\"robots\" content=\"index, follow, max-snippet:-1, max-image-preview:large, max-video-preview:-1\" \/>\n<link rel=\"canonical\" href=\"https:\/\/saniwell.pl\/en\/interior-finishing-standards\/apartment-renovation-refit\/\" \/>\n<meta property=\"og:locale\" content=\"en_US\" \/>\n<meta property=\"og:type\" content=\"article\" \/>\n<meta property=\"og:title\" content=\"Renovation of an apartment from the secondary market and restoring the interior to a developer state\" \/>\n<meta property=\"og:description\" content=\"Renovation of an apartment from the secondary market and restoring the interior to the developer&#039;s condition -- ReFIT - comprehensive finishing of apartments from the secondary market\" \/>\n<meta property=\"og:url\" content=\"https:\/\/saniwell.pl\/en\/interior-finishing-standards\/apartment-renovation-refit\/\" \/>\n<meta property=\"og:site_name\" content=\"SaniWell - Us\u0142ugi wyko\u0144czenia wn\u0119trz Krak\u00f3w \u015al\u0105sk\" \/>\n<meta property=\"article:modified_time\" content=\"2023-05-22T06:33:59+00:00\" \/>\n<meta property=\"og:image\" content=\"https:\/\/saniwell.pl\/wp-content\/uploads\/2022\/11\/remont-mieszkania-krakow.jpg\" \/>\n\t<meta property=\"og:image:width\" content=\"1500\" \/>\n\t<meta property=\"og:image:height\" content=\"1000\" \/>\n\t<meta property=\"og:image:type\" content=\"image\/jpeg\" \/>\n<meta name=\"twitter:card\" content=\"summary_large_image\" \/>\n<meta name=\"twitter:label1\" content=\"Est. reading time\" \/>\n\t<meta name=\"twitter:data1\" content=\"1 minute\" \/>\n<script type=\"application\/ld+json\" class=\"yoast-schema-graph\">{\"@context\":\"https:\/\/schema.org\",\"@graph\":[{\"@type\":\"WebPage\",\"@id\":\"https:\/\/saniwell.pl\/en\/interior-finishing-standards\/apartment-renovation-refit\/\",\"url\":\"https:\/\/saniwell.pl\/en\/interior-finishing-standards\/apartment-renovation-refit\/\",\"name\":\"Renovation of an apartment from the secondary market and restoring the interior to a developer state\",\"isPartOf\":{\"@id\":\"https:\/\/saniwell.pl\/en\/#website\"},\"primaryImageOfPage\":{\"@id\":\"https:\/\/saniwell.pl\/en\/interior-finishing-standards\/apartment-renovation-refit\/#primaryimage\"},\"image\":{\"@id\":\"https:\/\/saniwell.pl\/en\/interior-finishing-standards\/apartment-renovation-refit\/#primaryimage\"},\"thumbnailUrl\":\"https:\/\/saniwell.pl\/wp-content\/uploads\/2022\/11\/remont-mieszkania-krakow.jpg\",\"datePublished\":\"2023-05-22T06:33:58+00:00\",\"dateModified\":\"2023-05-22T06:33:59+00:00\",\"description\":\"Renovation of an apartment from the secondary market and restoring the interior to the developer's condition -- ReFIT - comprehensive finishing of apartments from the secondary market\",\"breadcrumb\":{\"@id\":\"https:\/\/saniwell.pl\/en\/interior-finishing-standards\/apartment-renovation-refit\/#breadcrumb\"},\"inLanguage\":\"en-US\",\"potentialAction\":[{\"@type\":\"ReadAction\",\"target\":[\"https:\/\/saniwell.pl\/en\/interior-finishing-standards\/apartment-renovation-refit\/\"]}]},{\"@type\":\"ImageObject\",\"inLanguage\":\"en-US\",\"@id\":\"https:\/\/saniwell.pl\/en\/interior-finishing-standards\/apartment-renovation-refit\/#primaryimage\",\"url\":\"https:\/\/saniwell.pl\/wp-content\/uploads\/2022\/11\/remont-mieszkania-krakow.jpg\",\"contentUrl\":\"https:\/\/saniwell.pl\/wp-content\/uploads\/2022\/11\/remont-mieszkania-krakow.jpg\",\"width\":1500,\"height\":1000,\"caption\":\"odnawianie mieszka\u0144\"},{\"@type\":\"BreadcrumbList\",\"@id\":\"https:\/\/saniwell.pl\/en\/interior-finishing-standards\/apartment-renovation-refit\/#breadcrumb\",\"itemListElement\":[{\"@type\":\"ListItem\",\"position\":1,\"name\":\"Turnkey services\",\"item\":\"https:\/\/saniwell.pl\/en\/\"},{\"@type\":\"ListItem\",\"position\":2,\"name\":\"Interior finishing standards\",\"item\":\"https:\/\/saniwell.pl\/en\/interior-finishing-standards\/\"},{\"@type\":\"ListItem\",\"position\":3,\"name\":\"Apartment renovation &#8211; ReFIT\"}]},{\"@type\":\"WebSite\",\"@id\":\"https:\/\/saniwell.pl\/en\/#website\",\"url\":\"https:\/\/saniwell.pl\/en\/\",\"name\":\"SaniWell - Us\u0142ugi wyko\u0144czenia wn\u0119trz Krak\u00f3w \u015al\u0105sk\",\"description\":\"Saniwell to firma projektowo-wyko\u0144czeniowa \u015bwiadcz\u0105ca us\u0142ugi wyka\u0144czania mieszka\u0144 i apartament\u00f3w pod klucz w standardzie \u201ewchodzisz i mieszkasz\u201d. Prace wyko\u0144czeniowe prowadzimy w oparciu o projekty wn\u0119trz przygotowywane przez architekt\u00f3w.\",\"publisher\":{\"@id\":\"https:\/\/saniwell.pl\/en\/#organization\"},\"potentialAction\":[{\"@type\":\"SearchAction\",\"target\":{\"@type\":\"EntryPoint\",\"urlTemplate\":\"https:\/\/saniwell.pl\/en\/?s={search_term_string}\"},\"query-input\":{\"@type\":\"PropertyValueSpecification\",\"valueRequired\":true,\"valueName\":\"search_term_string\"}}],\"inLanguage\":\"en-US\"},{\"@type\":\"Organization\",\"@id\":\"https:\/\/saniwell.pl\/en\/#organization\",\"name\":\"Saniwell - Wn\u0119trza pod klucz\",\"url\":\"https:\/\/saniwell.pl\/en\/\",\"logo\":{\"@type\":\"ImageObject\",\"inLanguage\":\"en-US\",\"@id\":\"https:\/\/saniwell.pl\/en\/#\/schema\/logo\/image\/\",\"url\":\"https:\/\/saniwell.pl\/wp-content\/uploads\/2019\/10\/Logo_kolor_dopisek.png\",\"contentUrl\":\"https:\/\/saniwell.pl\/wp-content\/uploads\/2019\/10\/Logo_kolor_dopisek.png\",\"width\":142,\"height\":43,\"caption\":\"Saniwell - Wn\u0119trza pod klucz\"},\"image\":{\"@id\":\"https:\/\/saniwell.pl\/en\/#\/schema\/logo\/image\/\"}}]}<\/script>\n<!-- \/ Yoast SEO plugin. -->","yoast_head_json":{"title":"Renovation of an apartment from the secondary market and restoring the interior to a developer state","description":"Renovation of an apartment from the secondary market and restoring the interior to the developer's condition -- ReFIT - comprehensive finishing of apartments from the secondary market","robots":{"index":"index","follow":"follow","max-snippet":"max-snippet:-1","max-image-preview":"max-image-preview:large","max-video-preview":"max-video-preview:-1"},"canonical":"https:\/\/saniwell.pl\/en\/interior-finishing-standards\/apartment-renovation-refit\/","og_locale":"en_US","og_type":"article","og_title":"Renovation of an apartment from the secondary market and restoring the interior to a developer state","og_description":"Renovation of an apartment from the secondary market and restoring the interior to the developer's condition -- ReFIT - comprehensive finishing of apartments from the secondary market","og_url":"https:\/\/saniwell.pl\/en\/interior-finishing-standards\/apartment-renovation-refit\/","og_site_name":"SaniWell - Us\u0142ugi wyko\u0144czenia wn\u0119trz Krak\u00f3w \u015al\u0105sk","article_modified_time":"2023-05-22T06:33:59+00:00","og_image":[{"width":1500,"height":1000,"url":"https:\/\/saniwell.pl\/wp-content\/uploads\/2022\/11\/remont-mieszkania-krakow.jpg","type":"image\/jpeg"}],"twitter_card":"summary_large_image","twitter_misc":{"Est. reading time":"1 minute"},"schema":{"@context":"https:\/\/schema.org","@graph":[{"@type":"WebPage","@id":"https:\/\/saniwell.pl\/en\/interior-finishing-standards\/apartment-renovation-refit\/","url":"https:\/\/saniwell.pl\/en\/interior-finishing-standards\/apartment-renovation-refit\/","name":"Renovation of an apartment from the secondary market and restoring the interior to a developer state","isPartOf":{"@id":"https:\/\/saniwell.pl\/en\/#website"},"primaryImageOfPage":{"@id":"https:\/\/saniwell.pl\/en\/interior-finishing-standards\/apartment-renovation-refit\/#primaryimage"},"image":{"@id":"https:\/\/saniwell.pl\/en\/interior-finishing-standards\/apartment-renovation-refit\/#primaryimage"},"thumbnailUrl":"https:\/\/saniwell.pl\/wp-content\/uploads\/2022\/11\/remont-mieszkania-krakow.jpg","datePublished":"2023-05-22T06:33:58+00:00","dateModified":"2023-05-22T06:33:59+00:00","description":"Renovation of an apartment from the secondary market and restoring the interior to the developer's condition -- ReFIT - comprehensive finishing of apartments from the secondary market","breadcrumb":{"@id":"https:\/\/saniwell.pl\/en\/interior-finishing-standards\/apartment-renovation-refit\/#breadcrumb"},"inLanguage":"en-US","potentialAction":[{"@type":"ReadAction","target":["https:\/\/saniwell.pl\/en\/interior-finishing-standards\/apartment-renovation-refit\/"]}]},{"@type":"ImageObject","inLanguage":"en-US","@id":"https:\/\/saniwell.pl\/en\/interior-finishing-standards\/apartment-renovation-refit\/#primaryimage","url":"https:\/\/saniwell.pl\/wp-content\/uploads\/2022\/11\/remont-mieszkania-krakow.jpg","contentUrl":"https:\/\/saniwell.pl\/wp-content\/uploads\/2022\/11\/remont-mieszkania-krakow.jpg","width":1500,"height":1000,"caption":"odnawianie mieszka\u0144"},{"@type":"BreadcrumbList","@id":"https:\/\/saniwell.pl\/en\/interior-finishing-standards\/apartment-renovation-refit\/#breadcrumb","itemListElement":[{"@type":"ListItem","position":1,"name":"Turnkey services","item":"https:\/\/saniwell.pl\/en\/"},{"@type":"ListItem","position":2,"name":"Interior finishing standards","item":"https:\/\/saniwell.pl\/en\/interior-finishing-standards\/"},{"@type":"ListItem","position":3,"name":"Apartment renovation &#8211; ReFIT"}]},{"@type":"WebSite","@id":"https:\/\/saniwell.pl\/en\/#website","url":"https:\/\/saniwell.pl\/en\/","name":"SaniWell - Us\u0142ugi wyko\u0144czenia wn\u0119trz Krak\u00f3w \u015al\u0105sk","description":"Saniwell to firma projektowo-wyko\u0144czeniowa \u015bwiadcz\u0105ca us\u0142ugi wyka\u0144czania mieszka\u0144 i apartament\u00f3w pod klucz w standardzie \u201ewchodzisz i mieszkasz\u201d. Prace wyko\u0144czeniowe prowadzimy w oparciu o projekty wn\u0119trz przygotowywane przez architekt\u00f3w.","publisher":{"@id":"https:\/\/saniwell.pl\/en\/#organization"},"potentialAction":[{"@type":"SearchAction","target":{"@type":"EntryPoint","urlTemplate":"https:\/\/saniwell.pl\/en\/?s={search_term_string}"},"query-input":{"@type":"PropertyValueSpecification","valueRequired":true,"valueName":"search_term_string"}}],"inLanguage":"en-US"},{"@type":"Organization","@id":"https:\/\/saniwell.pl\/en\/#organization","name":"Saniwell - Wn\u0119trza pod klucz","url":"https:\/\/saniwell.pl\/en\/","logo":{"@type":"ImageObject","inLanguage":"en-US","@id":"https:\/\/saniwell.pl\/en\/#\/schema\/logo\/image\/","url":"https:\/\/saniwell.pl\/wp-content\/uploads\/2019\/10\/Logo_kolor_dopisek.png","contentUrl":"https:\/\/saniwell.pl\/wp-content\/uploads\/2019\/10\/Logo_kolor_dopisek.png","width":142,"height":43,"caption":"Saniwell - Wn\u0119trza pod klucz"},"image":{"@id":"https:\/\/saniwell.pl\/en\/#\/schema\/logo\/image\/"}}]}},"_links":{"self":[{"href":"https:\/\/saniwell.pl\/en\/wp-json\/wp\/v2\/pages\/14854","targetHints":{"allow":["GET"]}}],"collection":[{"href":"https:\/\/saniwell.pl\/en\/wp-json\/wp\/v2\/pages"}],"about":[{"href":"https:\/\/saniwell.pl\/en\/wp-json\/wp\/v2\/types\/page"}],"author":[{"embeddable":true,"href":"https:\/\/saniwell.pl\/en\/wp-json\/wp\/v2\/users\/6"}],"replies":[{"embeddable":true,"href":"https:\/\/saniwell.pl\/en\/wp-json\/wp\/v2\/comments?post=14854"}],"version-history":[{"count":1,"href":"https:\/\/saniwell.pl\/en\/wp-json\/wp\/v2\/pages\/14854\/revisions"}],"predecessor-version":[{"id":14855,"href":"https:\/\/saniwell.pl\/en\/wp-json\/wp\/v2\/pages\/14854\/revisions\/14855"}],"up":[{"embeddable":true,"href":"https:\/\/saniwell.pl\/en\/wp-json\/wp\/v2\/pages\/4843"}],"wp:featuredmedia":[{"embeddable":true,"href":"https:\/\/saniwell.pl\/en\/wp-json\/wp\/v2\/media\/13558"}],"wp:attachment":[{"href":"https:\/\/saniwell.pl\/en\/wp-json\/wp\/v2\/media?parent=14854"}],"curies":[{"name":"wp","href":"https:\/\/api.w.org\/{rel}","templated":true}]}}