{"id":15920,"date":"2023-11-22T08:40:41","date_gmt":"2023-11-22T07:40:41","guid":{"rendered":"https:\/\/saniwell.pl\/summary-of-package-options\/"},"modified":"2023-11-22T08:41:50","modified_gmt":"2023-11-22T07:41:50","slug":"summary-of-package-options","status":"publish","type":"page","link":"https:\/\/saniwell.pl\/en\/summary-of-package-options\/","title":{"rendered":"Summary of package options"},"content":{"rendered":"\n<h2 class=\"wp-block-heading\">Compare finishing packages and choose the best option for you<\/h2>\n\n<div class=\"wp-block-media-text alignwide has-media-on-the-right is-stacked-on-mobile\" style=\"grid-template-columns:auto 15%\"><figure class=\"wp-block-media-text__media\"><img fetchpriority=\"high\" decoding=\"async\" width=\"360\" height=\"360\" src=\"https:\/\/saniwell.pl\/wp-content\/uploads\/2023\/10\/rotate.gif\" alt=\"\" class=\"wp-image-15694 size-full\"\/><\/figure><div class=\"wp-block-media-text__content\">\n<p>The table below contains details about the scope of work in the finishing packages offered by SaniWell. Get to know the details about the arrangement work, finishing of the bathroom, kitchen, other rooms and equipment.<\/p>\n<\/div><\/div>\n\n<p class=\"has-medium-font-size\" id=\"prace-aranzacyjne-zestawienie\">Arrangement works<\/p>\n\n<figure class=\"wp-block-table is-style-regular\"><table><tbody><tr><td>Package<\/td><td>MINI<\/td><td>START<\/td><td>KOMFORT<\/td><td>PREMIUM<\/td><td>INVESTMENT<\/td><\/tr><tr><td>Number of hours planned for interior design and visualization:<\/td><td>6<\/td><td>10<\/td><td>14<\/td><td>18<\/td><td>30<\/td><\/tr><\/tbody><\/table><\/figure>\n\n<p>By choosing one of the flexible finishing packages, you receive free of charge as part of our service:&#13;\n&#8211; Developing interior finishing concepts in accordance with the client&#8217;s guidelines based on the assortment available as part of a specific package;&#13;\n&#8211; Visualization of one bathroom, showing the arrangement of tiles on each wall along with the equipment;&#13;\n&#8211; Kitchen visualization (by ordering us to make kitchen furniture);&#13;\n&#8211; Floor plan of the apartment;&#13;\n&#8211; Floor plan of the apartment with changes and additional works.<\/p>\n\n<p><\/p>\n\n<p class=\"has-medium-font-size\" id=\"lazienka-zestawienie\">Bathroom<\/p>\n\n<figure class=\"wp-block-table is-style-regular\"><table><tbody><tr><td>Package<\/td><td>MINI<\/td><td>START<\/td><td>KOMFORT<\/td><td>PREMIUM<\/td><td>INVESTMENT<\/td><\/tr><tr><td>bathroom finishing works&#13;\ntogether with the material (including: adhesives,&#13;\ngrouts, impregnations, paints, etc.)<\/td><td>yes<\/td><td>yes<\/td><td>yes<\/td><td>yes<\/td><td>yes<\/td><\/tr><tr><td>bathroom tiles for&#13;\nroom height,&#13;\ngrinding tiles up to 45 degrees<\/td><td>yes<\/td><td>yes<\/td><td>yes<\/td><td>yes<\/td><td>yes<\/td><\/tr><tr><td>washbasin<\/td><td>yes<\/td><td>yes<\/td><td>yes<\/td><td>yes<\/td><td>yes<\/td><\/tr><tr><td>washbasin faucet w&#13;\nset with click-clack<\/td><td>yes<\/td><td>yes<\/td><td>yes<\/td><td>yes<\/td><td>yes<\/td><\/tr><tr><td>bath\/shower tap with&#13;\nshower set<\/td><td>yes<\/td><td>yes<\/td><td>yes<\/td><td>yes<\/td><td>yes<\/td><\/tr><tr><td>or surface-mounted set&#13;\nshower with rain shower<\/td><td>additional option<\/td><td>additional option<\/td><td>yes<\/td><td>yes<\/td><td>yes<\/td><\/tr><tr><td>bathtub or shower cabin<\/td><td>yes<\/td><td>yes<\/td><td>yes<\/td><td>yes<\/td><td>yes<\/td><\/tr><tr><td>concealed shower set&#13;\nwith rain shower<\/td><td>additional option<\/td><td>additional option<\/td><td>additional option<\/td><td>yes<\/td><td>additional option<\/td><\/tr><tr><td>hanging cabinet with a mirror<\/td><td>additional option<\/td><td>additional option<\/td><td>yes<\/td><td>yes<\/td><td>yes<\/td><\/tr><tr><td>hanging mirror<\/td><td>yes<\/td><td>yes<\/td><td>yes<\/td><td>yes<\/td><td>yes<\/td><\/tr><tr><td>narrow bathroom furniture<\/td><td>&#8211;<\/td><td>additional option<\/td><td>additional option<\/td><td>yes<\/td><td>yes<\/td><\/tr><tr><td>mirror between tiles<\/td><td>&#8211;<\/td><td>additional option<\/td><td>additional option<\/td><td>yes<\/td><td>additional option<\/td><\/tr><tr><td>bathroom accessories<\/td><td>yes<\/td><td>yes<\/td><td>yes<\/td><td>yes<\/td><td>yes<\/td><\/tr><tr><td>moving the water and sewage installation&#13;\nin the kitchen\/bathroom<\/td><td>additional option<\/td><td>additional option<\/td><td>additional option<\/td><td>2 points<\/td><td>additional option<\/td><\/tr><\/tbody><\/table><\/figure>\n\n<p><\/p>\n\n<p class=\"has-medium-font-size\" id=\"lazienka-zestawienie\">Kitchen<\/p>\n\n<figure class=\"wp-block-table is-style-regular\"><table><tbody><tr><td>Package<\/td><td>MINI<\/td><td>START<\/td><td>KOMFORT<\/td><td>PREMIUM<\/td><td>INVESTMENT<\/td><\/tr><tr><td>tiles above the kitchen counter<\/td><td>yes<\/td><td>yes<\/td><td>yes<\/td><td>yes<\/td><td>yes<\/td><\/tr><tr><td>ready furniture set&#13;\nkitchen with household appliances*<\/td><td>additional option&#13;\ncheck the FURNITURE catalog<\/td><td>additional option&#13;\ncheck the FURNITURE catalog<\/td><td>additional option&#13;\ncheck the FURNITURE catalog<\/td><td>additional option&#13;\ncheck the FURNITURE catalog<\/td><td>Yes&#13;\ncheck the INVESTMENT catalogue<\/td><\/tr><tr><td>design and implementation&#13;\nkitchen furniture on&#13;\ndimension<\/td><td>additional option&#13;\ncheck the FURNITURE catalog<\/td><td>additional option&#13;\ncheck the FURNITURE catalog<\/td><td>additional option&#13;\ncheck the FURNITURE catalog<\/td><td>additional option&#13;\ncheck the FURNITURE catalog<\/td><td>additional option&#13;\ncheck the FURNITURE catalog<\/td><\/tr><\/tbody><\/table><\/figure>\n\n<p>*The ready-made set of kitchen furniture and household appliances includes:<\/p>\n\n<ul class=\"wp-block-list\"><li>kitchen furniture specified in the Investment Package,<\/li><li>oven and hob,<\/li><li>hood with internal filter,<\/li><li>sink and kitchen faucet,<\/li><li>built-in dishwasher,<\/li><li>free-standing refrigerator<\/li><\/ul>\n\n<p><\/p>\n\n<p class=\"has-medium-font-size\" id=\"lazienka-zestawienie\">General works<\/p>\n\n<figure class=\"wp-block-table is-style-regular\"><table><tbody><tr><td>Package<\/td><td>MINI<\/td><td>START<\/td><td>KOMFORT<\/td><td>PREMIUM<\/td><td>INVESTMENT<\/td><\/tr><tr><td>partition walls made of plasterboard<\/td><td>&#8211;<\/td><td><\/td><td>additional option<\/td><td>additional option<\/td><td>additional option<\/td><\/tr><tr><td>sanding\/filling\/finishing walls and ceilings<\/td><td>wall sanding\/developer&#8217;s condition<\/td><td>puttying walls<\/td><td>puttying walls<\/td><td>plastering<\/td><td>puttying walls<\/td><\/tr><tr><td>painting walls and ceilings<\/td><td>color white and\/or&#13;\none pastel color<\/td><td>color white and\/or&#13;\nany one color<\/td><td>white and\/or both&#13;\nany colors<\/td><td>color white and\/or&#13;\nany two&#13;\ncolors<\/td><td>color white and\/or&#13;\nany two&#13;\ncolors<\/td><\/tr><tr><td>shifting the installation&#13;\nelectrical equipment including installation&#13;\nequipment<\/td><td>&#8211;<\/td><td>2 points<\/td><td>3 points<\/td><td>4 points<\/td><td>additional option<\/td><\/tr><tr><td>demolishing walls<\/td><td>&#8211;<\/td><td>additional option<\/td><td>additional option<\/td><td>additional option<\/td><td>additional option<\/td><\/tr><tr><td>suspended ceiling <\/td><td>&#8211;<\/td><td>additional option<\/td><td>additional option<\/td><td>additional option<\/td><td>additional option<\/td><\/tr><tr><td>windowsill<\/td><td>additional option<\/td><td>additional option<\/td><td>additional option<\/td><td>conglomerate window sills<\/td><td>additional option<\/td><\/tr><tr><td>floors<\/td><td>yes<\/td><td>yes<\/td><td>yes<\/td><td>yes<\/td><td>yes<\/td><\/tr><tr><td>white skirting boards<\/td><td>yes (up to 6 cm)<\/td><td>yes (up to 6 cm)<\/td><td>yes (up to 8 cm)<\/td><td>yes (up to 8 cm)<\/td><td>yes (up to 8 cm)<\/td><\/tr><tr><td>door (80 cm)<\/td><td>rebated<\/td><td>rebated<\/td><td>rebated<\/td><td>non-rebated<\/td><td>rebated<\/td><\/tr><tr><td>lighting<\/td><td>yes, in the bathroom<\/td><td>yes, in the bathroom<\/td><td>yes, in every room<\/td><td>yes, in every room<\/td><td>yes, in every room<\/td><\/tr><tr><td>wallpaper\/photo wallpaper<\/td><td>additional option<\/td><td>additional option<\/td><td>additional option<\/td><td>yes, up to three meters<\/td><td>yes<\/td><\/tr><tr><td>installation preparation and assembly&#13;\nair conditioning\/smart home<\/td><td>additional option<\/td><td>additional option<\/td><td>additional option<\/td><td>additional option<\/td><td>additional option<\/td><\/tr><tr><td>surface protection<\/td><td>yes<\/td><td>yes<\/td><td>yes<\/td><td>yes<\/td><td>yes<\/td><\/tr><tr><td>waste removal and cleaning&#13;\n(rubble for an additional fee)<\/td><td>yes<\/td><td>yes<\/td><td>yes<\/td><td>yes<\/td><td>yes<\/td><\/tr><\/tbody><\/table><\/figure>\n\n<p><\/p>\n\n<p class=\"has-medium-font-size\" id=\"lazienka-zestawienie\">Fitting and additional furniture<\/p>\n\n<figure class=\"wp-block-table is-style-regular\"><table><tbody><tr><td>Package<\/td><td>MINI<\/td><td>START<\/td><td>KOMFORT<\/td><td>PREMIUM<\/td><td>INVESTMENT<\/td><\/tr><tr><td>making a custom-made wardrobe<\/td><td>additional option&#13;\ncheck the FURNITURE catalog<\/td><td>additional option&#13;\ncheck the FURNITURE catalog<\/td><td>additional option&#13;\ncheck the FURNITURE catalog<\/td><td>additional option&#13;\ncheck the FURNITURE catalog<\/td><td>additional option&#13;\ncheck the FURNITURE catalog<\/td><\/tr><tr><td>purchase, delivery and installation&#13;\nready-made furniture<\/td><td>additional option&#13;\nindividual&#13;\nquotation<\/td><td>additional option&#13;\nindividual&#13;\nquotation<\/td><td>additional option&#13;\nindividual&#13;\nquotation<\/td><td>additional option&#13;\nindividual&#13;\nquotation<\/td><td>Yes&#13;\ncheck the INVESTMENT catalogue<\/td><\/tr><\/tbody><\/table><\/figure>\n\n<p><\/p>\n\n<p>The scope of work and the price of the package options are determined in advance, which makes it easier to assess the costs associated with purchasing and finishing the apartment to a specific standard. However, it is worth noting that the START, COMFORT, PREMIUM and INVESTMENT packages we offer are flexible. The freedom to combine and combine package options, and even add materials and equipment from outside the packages, is a unique solution on the turnkey interior finishing market.<\/p>\n\n<p><\/p>\n\n<h2 class=\"wp-block-heading\">Package finishing standard<\/h2>\n\n<p><\/p>\n\n<h4 class=\"wp-block-heading\">Finishing all rooms<\/h4>\n\n<p>Finishing ceilings and walls with acrylic paint on plaster in developer condition, color** indicated by the customer (RAL). Floor finishing with stoneware\/floor panel\/wood\/vinyl**. Surfaces connected with a transition strip, in a color similar to the color of the floor. White skirting boards, up to 6-8 cm high**. Wall tiles only in the bathroom and kitchen between the worktop and upper cabinets. Optional floor tiles in the hall instead of panels. Rebated\/non-rebated** door installation with a set of fittings for 80 cm wide openings; basic filling, two hinges; undercut bathroom doors; adjustable door frame. Any additional modifications to the hydraulic network (including connections) and the electrical network, beyond those specified in a given package, are non-package changes and are subject to individual pricing.<\/p>\n\n<p>**according to the given package, detailed information in the table above<\/p>\n\n<p><\/p>\n\n<h4 class=\"wp-block-heading\">Kitchen finishing<\/h4>\n\n<p>Finishing the floor surface with stoneware (up to 10 m2) or panel. Wall tiles between the worktop and upper cabinets. Grouting in one color. Non-package kitchen finishing proposals are priced individually. Details in the FURNITURE catalogue<\/p>\n\n<p><\/p>\n\n<h4 class=\"wp-block-heading\">Bathroom finishing<\/h4>\n\n<p>Finishing the walls with tiles up to the full height of the room. The edges of the contacts are ground to 45 degrees. The way of arranging tiles in the bathroom is adapted to the room. Toilet frame installation (standard height), covered with tiles. Bathtub finished with ceramic tiles. The fittings are installed in place of development connections. All non-package modifications to the developer&#8217;s condition, including moving and hiding connections, are subject to individual valuation.<\/p>\n\n<p><\/p>\n\n<h4 class=\"wp-block-heading\">The development status is assumed to be:<\/h4>\n\n<ul class=\"wp-block-list\"><li>finishing walls and ceilings with gypsum plaster; finishing bathroom walls with cement and lime plaster;<\/li><li>installing a ventilation system with a ventilation grill; installation of internal window sills;<\/li><li>installation of electrical and electrotechnical installations with complete equipment;<\/li><li>installation of water and sewage systems, connections to devices;<\/li><li>preparation of door openings for the installation of standard doors with adjustable frames (width up to 80 cm, height 200 cm, opening in the wall min. 88 cm max. 92 cm wide by min. 206 cm max. 210 cm high, up to 15 cm thick) from the floor;<\/li><li>access to a working elevator (in the case of apartments located on the first floor);<\/li><li>access to an appropriate waste container;<\/li><li>it is assumed that the planes of walls, floors and ceilings and the angles between them are made in accordance with the construction standard;<\/li><li>it is assumed that the moisture content of the screed and plaster is adequate to carry out renovation and finishing works.<\/li><\/ul>\n\n<p><\/p>\n\n<p>it is assumed that the moisture content of the screed and plaster is adequate to carry out renovation and finishing works.<\/p>\n\n<p><\/p>\n\n<p><\/p>\n","protected":false},"excerpt":{"rendered":"<p>Compare finishing packages and choose the best option for you The table below contains details about the scope of work in the finishing packages offered by SaniWell. Get to know the details about the arrangement work, finishing of the bathroom, kitchen, other rooms and equipment. Arrangement works Package MINI START KOMFORT PREMIUM INVESTMENT Number of [&hellip;]<\/p>\n","protected":false},"author":6,"featured_media":15640,"parent":0,"menu_order":131,"comment_status":"closed","ping_status":"closed","template":"default-page.php","meta":{"_acf_changed":false,"footnotes":""},"class_list":["post-15920","page","type-page","status-publish","has-post-thumbnail","hentry"],"acf":[],"yoast_head":"<!-- This site is optimized with the Yoast SEO plugin v26.5 - https:\/\/yoast.com\/wordpress\/plugins\/seo\/ -->\n<title>Summary of package options - SaniWell - Us\u0142ugi wyko\u0144czenia wn\u0119trz Krak\u00f3w \u015al\u0105sk<\/title>\n<meta name=\"robots\" content=\"index, follow, max-snippet:-1, max-image-preview:large, max-video-preview:-1\" \/>\n<link rel=\"canonical\" href=\"https:\/\/saniwell.pl\/en\/summary-of-package-options\/\" \/>\n<meta property=\"og:locale\" content=\"en_US\" \/>\n<meta property=\"og:type\" content=\"article\" \/>\n<meta property=\"og:title\" content=\"Summary of package options - SaniWell - Us\u0142ugi wyko\u0144czenia wn\u0119trz Krak\u00f3w \u015al\u0105sk\" \/>\n<meta property=\"og:description\" content=\"Compare finishing packages and choose the best option for you The table below contains details about the scope of work in the finishing packages offered by SaniWell. Get to know the details about the arrangement work, finishing of the bathroom, kitchen, other rooms and equipment. Arrangement works Package MINI START KOMFORT PREMIUM INVESTMENT Number of [&hellip;]\" \/>\n<meta property=\"og:url\" content=\"https:\/\/saniwell.pl\/en\/summary-of-package-options\/\" \/>\n<meta property=\"og:site_name\" content=\"SaniWell - Us\u0142ugi wyko\u0144czenia wn\u0119trz Krak\u00f3w \u015al\u0105sk\" \/>\n<meta property=\"article:modified_time\" content=\"2023-11-22T07:41:50+00:00\" \/>\n<meta property=\"og:image\" content=\"https:\/\/saniwell.pl\/wp-content\/uploads\/2023\/06\/SaniWell-Piastowska-Lazienka-2-scaled.jpg\" \/>\n\t<meta property=\"og:image:width\" content=\"2560\" \/>\n\t<meta property=\"og:image:height\" content=\"1707\" \/>\n\t<meta property=\"og:image:type\" content=\"image\/jpeg\" \/>\n<meta name=\"twitter:card\" content=\"summary_large_image\" \/>\n<meta name=\"twitter:label1\" content=\"Est. reading time\" \/>\n\t<meta name=\"twitter:data1\" content=\"5 minutes\" \/>\n<script type=\"application\/ld+json\" class=\"yoast-schema-graph\">{\"@context\":\"https:\/\/schema.org\",\"@graph\":[{\"@type\":\"WebPage\",\"@id\":\"https:\/\/saniwell.pl\/en\/summary-of-package-options\/\",\"url\":\"https:\/\/saniwell.pl\/en\/summary-of-package-options\/\",\"name\":\"Summary of package options - SaniWell - Us\u0142ugi wyko\u0144czenia wn\u0119trz Krak\u00f3w \u015al\u0105sk\",\"isPartOf\":{\"@id\":\"https:\/\/saniwell.pl\/en\/#website\"},\"primaryImageOfPage\":{\"@id\":\"https:\/\/saniwell.pl\/en\/summary-of-package-options\/#primaryimage\"},\"image\":{\"@id\":\"https:\/\/saniwell.pl\/en\/summary-of-package-options\/#primaryimage\"},\"thumbnailUrl\":\"https:\/\/saniwell.pl\/wp-content\/uploads\/2023\/06\/SaniWell-Piastowska-Lazienka-2-scaled.jpg\",\"datePublished\":\"2023-11-22T07:40:41+00:00\",\"dateModified\":\"2023-11-22T07:41:50+00:00\",\"breadcrumb\":{\"@id\":\"https:\/\/saniwell.pl\/en\/summary-of-package-options\/#breadcrumb\"},\"inLanguage\":\"en-US\",\"potentialAction\":[{\"@type\":\"ReadAction\",\"target\":[\"https:\/\/saniwell.pl\/en\/summary-of-package-options\/\"]}]},{\"@type\":\"ImageObject\",\"inLanguage\":\"en-US\",\"@id\":\"https:\/\/saniwell.pl\/en\/summary-of-package-options\/#primaryimage\",\"url\":\"https:\/\/saniwell.pl\/wp-content\/uploads\/2023\/06\/SaniWell-Piastowska-Lazienka-2-scaled.jpg\",\"contentUrl\":\"https:\/\/saniwell.pl\/wp-content\/uploads\/2023\/06\/SaniWell-Piastowska-Lazienka-2-scaled.jpg\",\"width\":2560,\"height\":1707},{\"@type\":\"BreadcrumbList\",\"@id\":\"https:\/\/saniwell.pl\/en\/summary-of-package-options\/#breadcrumb\",\"itemListElement\":[{\"@type\":\"ListItem\",\"position\":1,\"name\":\"Turnkey services\",\"item\":\"https:\/\/saniwell.pl\/en\/\"},{\"@type\":\"ListItem\",\"position\":2,\"name\":\"Summary of package options\"}]},{\"@type\":\"WebSite\",\"@id\":\"https:\/\/saniwell.pl\/en\/#website\",\"url\":\"https:\/\/saniwell.pl\/en\/\",\"name\":\"SaniWell - Us\u0142ugi wyko\u0144czenia wn\u0119trz Krak\u00f3w \u015al\u0105sk\",\"description\":\"Saniwell to firma projektowo-wyko\u0144czeniowa \u015bwiadcz\u0105ca us\u0142ugi wyka\u0144czania mieszka\u0144 i apartament\u00f3w pod klucz w standardzie \u201ewchodzisz i mieszkasz\u201d. Prace wyko\u0144czeniowe prowadzimy w oparciu o projekty wn\u0119trz przygotowywane przez architekt\u00f3w.\",\"publisher\":{\"@id\":\"https:\/\/saniwell.pl\/en\/#organization\"},\"potentialAction\":[{\"@type\":\"SearchAction\",\"target\":{\"@type\":\"EntryPoint\",\"urlTemplate\":\"https:\/\/saniwell.pl\/en\/?s={search_term_string}\"},\"query-input\":{\"@type\":\"PropertyValueSpecification\",\"valueRequired\":true,\"valueName\":\"search_term_string\"}}],\"inLanguage\":\"en-US\"},{\"@type\":\"Organization\",\"@id\":\"https:\/\/saniwell.pl\/en\/#organization\",\"name\":\"Saniwell - Wn\u0119trza pod klucz\",\"url\":\"https:\/\/saniwell.pl\/en\/\",\"logo\":{\"@type\":\"ImageObject\",\"inLanguage\":\"en-US\",\"@id\":\"https:\/\/saniwell.pl\/en\/#\/schema\/logo\/image\/\",\"url\":\"https:\/\/saniwell.pl\/wp-content\/uploads\/2019\/10\/Logo_kolor_dopisek.png\",\"contentUrl\":\"https:\/\/saniwell.pl\/wp-content\/uploads\/2019\/10\/Logo_kolor_dopisek.png\",\"width\":142,\"height\":43,\"caption\":\"Saniwell - Wn\u0119trza pod klucz\"},\"image\":{\"@id\":\"https:\/\/saniwell.pl\/en\/#\/schema\/logo\/image\/\"}}]}<\/script>\n<!-- \/ Yoast SEO plugin. -->","yoast_head_json":{"title":"Summary of package options - SaniWell - Us\u0142ugi wyko\u0144czenia wn\u0119trz Krak\u00f3w \u015al\u0105sk","robots":{"index":"index","follow":"follow","max-snippet":"max-snippet:-1","max-image-preview":"max-image-preview:large","max-video-preview":"max-video-preview:-1"},"canonical":"https:\/\/saniwell.pl\/en\/summary-of-package-options\/","og_locale":"en_US","og_type":"article","og_title":"Summary of package options - SaniWell - Us\u0142ugi wyko\u0144czenia wn\u0119trz Krak\u00f3w \u015al\u0105sk","og_description":"Compare finishing packages and choose the best option for you The table below contains details about the scope of work in the finishing packages offered by SaniWell. Get to know the details about the arrangement work, finishing of the bathroom, kitchen, other rooms and equipment. Arrangement works Package MINI START KOMFORT PREMIUM INVESTMENT Number of [&hellip;]","og_url":"https:\/\/saniwell.pl\/en\/summary-of-package-options\/","og_site_name":"SaniWell - Us\u0142ugi wyko\u0144czenia wn\u0119trz Krak\u00f3w \u015al\u0105sk","article_modified_time":"2023-11-22T07:41:50+00:00","og_image":[{"width":2560,"height":1707,"url":"https:\/\/saniwell.pl\/wp-content\/uploads\/2023\/06\/SaniWell-Piastowska-Lazienka-2-scaled.jpg","type":"image\/jpeg"}],"twitter_card":"summary_large_image","twitter_misc":{"Est. reading time":"5 minutes"},"schema":{"@context":"https:\/\/schema.org","@graph":[{"@type":"WebPage","@id":"https:\/\/saniwell.pl\/en\/summary-of-package-options\/","url":"https:\/\/saniwell.pl\/en\/summary-of-package-options\/","name":"Summary of package options - SaniWell - Us\u0142ugi wyko\u0144czenia wn\u0119trz Krak\u00f3w \u015al\u0105sk","isPartOf":{"@id":"https:\/\/saniwell.pl\/en\/#website"},"primaryImageOfPage":{"@id":"https:\/\/saniwell.pl\/en\/summary-of-package-options\/#primaryimage"},"image":{"@id":"https:\/\/saniwell.pl\/en\/summary-of-package-options\/#primaryimage"},"thumbnailUrl":"https:\/\/saniwell.pl\/wp-content\/uploads\/2023\/06\/SaniWell-Piastowska-Lazienka-2-scaled.jpg","datePublished":"2023-11-22T07:40:41+00:00","dateModified":"2023-11-22T07:41:50+00:00","breadcrumb":{"@id":"https:\/\/saniwell.pl\/en\/summary-of-package-options\/#breadcrumb"},"inLanguage":"en-US","potentialAction":[{"@type":"ReadAction","target":["https:\/\/saniwell.pl\/en\/summary-of-package-options\/"]}]},{"@type":"ImageObject","inLanguage":"en-US","@id":"https:\/\/saniwell.pl\/en\/summary-of-package-options\/#primaryimage","url":"https:\/\/saniwell.pl\/wp-content\/uploads\/2023\/06\/SaniWell-Piastowska-Lazienka-2-scaled.jpg","contentUrl":"https:\/\/saniwell.pl\/wp-content\/uploads\/2023\/06\/SaniWell-Piastowska-Lazienka-2-scaled.jpg","width":2560,"height":1707},{"@type":"BreadcrumbList","@id":"https:\/\/saniwell.pl\/en\/summary-of-package-options\/#breadcrumb","itemListElement":[{"@type":"ListItem","position":1,"name":"Turnkey services","item":"https:\/\/saniwell.pl\/en\/"},{"@type":"ListItem","position":2,"name":"Summary of package options"}]},{"@type":"WebSite","@id":"https:\/\/saniwell.pl\/en\/#website","url":"https:\/\/saniwell.pl\/en\/","name":"SaniWell - Us\u0142ugi wyko\u0144czenia wn\u0119trz Krak\u00f3w \u015al\u0105sk","description":"Saniwell to firma projektowo-wyko\u0144czeniowa \u015bwiadcz\u0105ca us\u0142ugi wyka\u0144czania mieszka\u0144 i apartament\u00f3w pod klucz w standardzie \u201ewchodzisz i mieszkasz\u201d. Prace wyko\u0144czeniowe prowadzimy w oparciu o projekty wn\u0119trz przygotowywane przez architekt\u00f3w.","publisher":{"@id":"https:\/\/saniwell.pl\/en\/#organization"},"potentialAction":[{"@type":"SearchAction","target":{"@type":"EntryPoint","urlTemplate":"https:\/\/saniwell.pl\/en\/?s={search_term_string}"},"query-input":{"@type":"PropertyValueSpecification","valueRequired":true,"valueName":"search_term_string"}}],"inLanguage":"en-US"},{"@type":"Organization","@id":"https:\/\/saniwell.pl\/en\/#organization","name":"Saniwell - Wn\u0119trza pod klucz","url":"https:\/\/saniwell.pl\/en\/","logo":{"@type":"ImageObject","inLanguage":"en-US","@id":"https:\/\/saniwell.pl\/en\/#\/schema\/logo\/image\/","url":"https:\/\/saniwell.pl\/wp-content\/uploads\/2019\/10\/Logo_kolor_dopisek.png","contentUrl":"https:\/\/saniwell.pl\/wp-content\/uploads\/2019\/10\/Logo_kolor_dopisek.png","width":142,"height":43,"caption":"Saniwell - Wn\u0119trza pod klucz"},"image":{"@id":"https:\/\/saniwell.pl\/en\/#\/schema\/logo\/image\/"}}]}},"_links":{"self":[{"href":"https:\/\/saniwell.pl\/en\/wp-json\/wp\/v2\/pages\/15920","targetHints":{"allow":["GET"]}}],"collection":[{"href":"https:\/\/saniwell.pl\/en\/wp-json\/wp\/v2\/pages"}],"about":[{"href":"https:\/\/saniwell.pl\/en\/wp-json\/wp\/v2\/types\/page"}],"author":[{"embeddable":true,"href":"https:\/\/saniwell.pl\/en\/wp-json\/wp\/v2\/users\/6"}],"replies":[{"embeddable":true,"href":"https:\/\/saniwell.pl\/en\/wp-json\/wp\/v2\/comments?post=15920"}],"version-history":[{"count":5,"href":"https:\/\/saniwell.pl\/en\/wp-json\/wp\/v2\/pages\/15920\/revisions"}],"predecessor-version":[{"id":15925,"href":"https:\/\/saniwell.pl\/en\/wp-json\/wp\/v2\/pages\/15920\/revisions\/15925"}],"wp:featuredmedia":[{"embeddable":true,"href":"https:\/\/saniwell.pl\/en\/wp-json\/wp\/v2\/media\/15640"}],"wp:attachment":[{"href":"https:\/\/saniwell.pl\/en\/wp-json\/wp\/v2\/media?parent=15920"}],"curies":[{"name":"wp","href":"https:\/\/api.w.org\/{rel}","templated":true}]}}