{"id":16040,"date":"2023-12-08T14:36:03","date_gmt":"2023-12-08T13:36:03","guid":{"rendered":"https:\/\/saniwell.pl\/furniture-package\/"},"modified":"2024-03-27T06:55:56","modified_gmt":"2024-03-27T05:55:56","slug":"furniture-package","status":"publish","type":"page","link":"https:\/\/saniwell.pl\/en\/furniture-package\/","title":{"rendered":"FURNITURE package"},"content":{"rendered":"\n<h2 class=\"wp-block-heading\">Additional furniture and household appliances in finishing packages<\/h2>\n\n<p>We want you to feel exactly the way you dream in the interiors we finish. And we know perfectly well that furniture is needed to function comfortably in an apartment.<\/p>\n\n<p>Therefore, taking into account the flexibility of the finishing packages offered by SaniWell and numerous comprehensive implementations in the &#8220;walk in and live&#8221; standard, we have expanded the package offer to include additional equipment in the form of furniture and home appliance assembly. We present the FURNITURE PACKAGE, which can be used to expand the START, COMFORT, PREMIUM and INVESTMENT options.<\/p>\n\n<p>Discover our offer of furniture made as part of packages in the catalog below. You will find details of additional options in the <strong>price list<\/strong>.<\/p>\n\n<p><\/p>\n\n<div class=\"wp-block-file aligncenter\"><a id=\"wp-block-file--media-1a0d20e9-e566-4205-af79-7e7e72446271\" href=\"https:\/\/saniwell.pl\/wp-content\/uploads\/2024\/03\/SANIWELL-PAKIET-MEBLE-PL.pdf\" target=\"_blank\" rel=\"noreferrer noopener\">FURNITURE PACKAGE catalogue<\/a><\/div>\n\n<p><\/p>\n\n<p><\/p>\n\n<p>     <\/p>\n\n<p><\/p>\n\n<p><\/p>\n\n<p><\/p>\n\n<p><\/p>\n","protected":false},"excerpt":{"rendered":"<p>Additional furniture and household appliances in finishing packages We want you to feel exactly the way you dream in the interiors we finish. And we know perfectly well that furniture is needed to function comfortably in an apartment. Therefore, taking into account the flexibility of the finishing packages offered by SaniWell and numerous comprehensive implementations [&hellip;]<\/p>\n","protected":false},"author":6,"featured_media":0,"parent":0,"menu_order":127,"comment_status":"closed","ping_status":"closed","template":"default-page.php","meta":{"_acf_changed":false,"footnotes":""},"class_list":["post-16040","page","type-page","status-publish","hentry"],"acf":[],"yoast_head":"<!-- This site is optimized with the Yoast SEO plugin v26.5 - https:\/\/yoast.com\/wordpress\/plugins\/seo\/ -->\n<title>FURNITURE package - SaniWell - Us\u0142ugi wyko\u0144czenia wn\u0119trz Krak\u00f3w \u015al\u0105sk<\/title>\n<meta name=\"robots\" content=\"index, follow, max-snippet:-1, max-image-preview:large, max-video-preview:-1\" \/>\n<link rel=\"canonical\" href=\"https:\/\/saniwell.pl\/en\/furniture-package\/\" \/>\n<meta property=\"og:locale\" content=\"en_US\" \/>\n<meta property=\"og:type\" content=\"article\" \/>\n<meta property=\"og:title\" content=\"FURNITURE package - SaniWell - Us\u0142ugi wyko\u0144czenia wn\u0119trz Krak\u00f3w \u015al\u0105sk\" \/>\n<meta property=\"og:description\" content=\"Additional furniture and household appliances in finishing packages We want you to feel exactly the way you dream in the interiors we finish. And we know perfectly well that furniture is needed to function comfortably in an apartment. Therefore, taking into account the flexibility of the finishing packages offered by SaniWell and numerous comprehensive implementations [&hellip;]\" \/>\n<meta property=\"og:url\" content=\"https:\/\/saniwell.pl\/en\/furniture-package\/\" \/>\n<meta property=\"og:site_name\" content=\"SaniWell - Us\u0142ugi wyko\u0144czenia wn\u0119trz Krak\u00f3w \u015al\u0105sk\" \/>\n<meta property=\"article:modified_time\" content=\"2024-03-27T05:55:56+00:00\" \/>\n<meta name=\"twitter:card\" content=\"summary_large_image\" \/>\n<meta name=\"twitter:label1\" content=\"Est. reading time\" \/>\n\t<meta name=\"twitter:data1\" content=\"1 minute\" \/>\n<script type=\"application\/ld+json\" class=\"yoast-schema-graph\">{\"@context\":\"https:\/\/schema.org\",\"@graph\":[{\"@type\":\"WebPage\",\"@id\":\"https:\/\/saniwell.pl\/en\/furniture-package\/\",\"url\":\"https:\/\/saniwell.pl\/en\/furniture-package\/\",\"name\":\"FURNITURE package - SaniWell - Us\u0142ugi wyko\u0144czenia wn\u0119trz Krak\u00f3w \u015al\u0105sk\",\"isPartOf\":{\"@id\":\"https:\/\/saniwell.pl\/en\/#website\"},\"datePublished\":\"2023-12-08T13:36:03+00:00\",\"dateModified\":\"2024-03-27T05:55:56+00:00\",\"breadcrumb\":{\"@id\":\"https:\/\/saniwell.pl\/en\/furniture-package\/#breadcrumb\"},\"inLanguage\":\"en-US\",\"potentialAction\":[{\"@type\":\"ReadAction\",\"target\":[\"https:\/\/saniwell.pl\/en\/furniture-package\/\"]}]},{\"@type\":\"BreadcrumbList\",\"@id\":\"https:\/\/saniwell.pl\/en\/furniture-package\/#breadcrumb\",\"itemListElement\":[{\"@type\":\"ListItem\",\"position\":1,\"name\":\"Turnkey services\",\"item\":\"https:\/\/saniwell.pl\/en\/\"},{\"@type\":\"ListItem\",\"position\":2,\"name\":\"FURNITURE package\"}]},{\"@type\":\"WebSite\",\"@id\":\"https:\/\/saniwell.pl\/en\/#website\",\"url\":\"https:\/\/saniwell.pl\/en\/\",\"name\":\"SaniWell - Us\u0142ugi wyko\u0144czenia wn\u0119trz Krak\u00f3w \u015al\u0105sk\",\"description\":\"Saniwell to firma projektowo-wyko\u0144czeniowa \u015bwiadcz\u0105ca us\u0142ugi wyka\u0144czania mieszka\u0144 i apartament\u00f3w pod klucz w standardzie \u201ewchodzisz i mieszkasz\u201d. Prace wyko\u0144czeniowe prowadzimy w oparciu o projekty wn\u0119trz przygotowywane przez architekt\u00f3w.\",\"publisher\":{\"@id\":\"https:\/\/saniwell.pl\/en\/#organization\"},\"potentialAction\":[{\"@type\":\"SearchAction\",\"target\":{\"@type\":\"EntryPoint\",\"urlTemplate\":\"https:\/\/saniwell.pl\/en\/?s={search_term_string}\"},\"query-input\":{\"@type\":\"PropertyValueSpecification\",\"valueRequired\":true,\"valueName\":\"search_term_string\"}}],\"inLanguage\":\"en-US\"},{\"@type\":\"Organization\",\"@id\":\"https:\/\/saniwell.pl\/en\/#organization\",\"name\":\"Saniwell - Wn\u0119trza pod klucz\",\"url\":\"https:\/\/saniwell.pl\/en\/\",\"logo\":{\"@type\":\"ImageObject\",\"inLanguage\":\"en-US\",\"@id\":\"https:\/\/saniwell.pl\/en\/#\/schema\/logo\/image\/\",\"url\":\"https:\/\/saniwell.pl\/wp-content\/uploads\/2019\/10\/Logo_kolor_dopisek.png\",\"contentUrl\":\"https:\/\/saniwell.pl\/wp-content\/uploads\/2019\/10\/Logo_kolor_dopisek.png\",\"width\":142,\"height\":43,\"caption\":\"Saniwell - Wn\u0119trza pod klucz\"},\"image\":{\"@id\":\"https:\/\/saniwell.pl\/en\/#\/schema\/logo\/image\/\"}}]}<\/script>\n<!-- \/ Yoast SEO plugin. -->","yoast_head_json":{"title":"FURNITURE package - SaniWell - Us\u0142ugi wyko\u0144czenia wn\u0119trz Krak\u00f3w \u015al\u0105sk","robots":{"index":"index","follow":"follow","max-snippet":"max-snippet:-1","max-image-preview":"max-image-preview:large","max-video-preview":"max-video-preview:-1"},"canonical":"https:\/\/saniwell.pl\/en\/furniture-package\/","og_locale":"en_US","og_type":"article","og_title":"FURNITURE package - SaniWell - Us\u0142ugi wyko\u0144czenia wn\u0119trz Krak\u00f3w \u015al\u0105sk","og_description":"Additional furniture and household appliances in finishing packages We want you to feel exactly the way you dream in the interiors we finish. And we know perfectly well that furniture is needed to function comfortably in an apartment. Therefore, taking into account the flexibility of the finishing packages offered by SaniWell and numerous comprehensive implementations [&hellip;]","og_url":"https:\/\/saniwell.pl\/en\/furniture-package\/","og_site_name":"SaniWell - Us\u0142ugi wyko\u0144czenia wn\u0119trz Krak\u00f3w \u015al\u0105sk","article_modified_time":"2024-03-27T05:55:56+00:00","twitter_card":"summary_large_image","twitter_misc":{"Est. reading time":"1 minute"},"schema":{"@context":"https:\/\/schema.org","@graph":[{"@type":"WebPage","@id":"https:\/\/saniwell.pl\/en\/furniture-package\/","url":"https:\/\/saniwell.pl\/en\/furniture-package\/","name":"FURNITURE package - SaniWell - Us\u0142ugi wyko\u0144czenia wn\u0119trz Krak\u00f3w \u015al\u0105sk","isPartOf":{"@id":"https:\/\/saniwell.pl\/en\/#website"},"datePublished":"2023-12-08T13:36:03+00:00","dateModified":"2024-03-27T05:55:56+00:00","breadcrumb":{"@id":"https:\/\/saniwell.pl\/en\/furniture-package\/#breadcrumb"},"inLanguage":"en-US","potentialAction":[{"@type":"ReadAction","target":["https:\/\/saniwell.pl\/en\/furniture-package\/"]}]},{"@type":"BreadcrumbList","@id":"https:\/\/saniwell.pl\/en\/furniture-package\/#breadcrumb","itemListElement":[{"@type":"ListItem","position":1,"name":"Turnkey services","item":"https:\/\/saniwell.pl\/en\/"},{"@type":"ListItem","position":2,"name":"FURNITURE package"}]},{"@type":"WebSite","@id":"https:\/\/saniwell.pl\/en\/#website","url":"https:\/\/saniwell.pl\/en\/","name":"SaniWell - Us\u0142ugi wyko\u0144czenia wn\u0119trz Krak\u00f3w \u015al\u0105sk","description":"Saniwell to firma projektowo-wyko\u0144czeniowa \u015bwiadcz\u0105ca us\u0142ugi wyka\u0144czania mieszka\u0144 i apartament\u00f3w pod klucz w standardzie \u201ewchodzisz i mieszkasz\u201d. Prace wyko\u0144czeniowe prowadzimy w oparciu o projekty wn\u0119trz przygotowywane przez architekt\u00f3w.","publisher":{"@id":"https:\/\/saniwell.pl\/en\/#organization"},"potentialAction":[{"@type":"SearchAction","target":{"@type":"EntryPoint","urlTemplate":"https:\/\/saniwell.pl\/en\/?s={search_term_string}"},"query-input":{"@type":"PropertyValueSpecification","valueRequired":true,"valueName":"search_term_string"}}],"inLanguage":"en-US"},{"@type":"Organization","@id":"https:\/\/saniwell.pl\/en\/#organization","name":"Saniwell - Wn\u0119trza pod klucz","url":"https:\/\/saniwell.pl\/en\/","logo":{"@type":"ImageObject","inLanguage":"en-US","@id":"https:\/\/saniwell.pl\/en\/#\/schema\/logo\/image\/","url":"https:\/\/saniwell.pl\/wp-content\/uploads\/2019\/10\/Logo_kolor_dopisek.png","contentUrl":"https:\/\/saniwell.pl\/wp-content\/uploads\/2019\/10\/Logo_kolor_dopisek.png","width":142,"height":43,"caption":"Saniwell - Wn\u0119trza pod klucz"},"image":{"@id":"https:\/\/saniwell.pl\/en\/#\/schema\/logo\/image\/"}}]}},"_links":{"self":[{"href":"https:\/\/saniwell.pl\/en\/wp-json\/wp\/v2\/pages\/16040","targetHints":{"allow":["GET"]}}],"collection":[{"href":"https:\/\/saniwell.pl\/en\/wp-json\/wp\/v2\/pages"}],"about":[{"href":"https:\/\/saniwell.pl\/en\/wp-json\/wp\/v2\/types\/page"}],"author":[{"embeddable":true,"href":"https:\/\/saniwell.pl\/en\/wp-json\/wp\/v2\/users\/6"}],"replies":[{"embeddable":true,"href":"https:\/\/saniwell.pl\/en\/wp-json\/wp\/v2\/comments?post=16040"}],"version-history":[{"count":3,"href":"https:\/\/saniwell.pl\/en\/wp-json\/wp\/v2\/pages\/16040\/revisions"}],"predecessor-version":[{"id":16772,"href":"https:\/\/saniwell.pl\/en\/wp-json\/wp\/v2\/pages\/16040\/revisions\/16772"}],"wp:attachment":[{"href":"https:\/\/saniwell.pl\/en\/wp-json\/wp\/v2\/media?parent=16040"}],"curies":[{"name":"wp","href":"https:\/\/api.w.org\/{rel}","templated":true}]}}