{"id":5088,"date":"2020-08-20T13:38:51","date_gmt":"2020-08-20T11:38:51","guid":{"rendered":"http:\/\/saniwell.com.pl\/wspolpraca-miedzynarodowa\/"},"modified":"2020-10-02T10:05:06","modified_gmt":"2020-10-02T08:05:06","slug":"wspolpraca-miedzynarodowa","status":"publish","type":"page","link":"https:\/\/saniwell.pl\/en\/wspolpraca-miedzynarodowa\/","title":{"rendered":"International cooperation"},"content":{"rendered":"\n<p>We are a participant in the Go to Brand program, co-financed by the European Union. The program provides support in the field of promotion on foreign markets. SaniWell brand participates in local and foreign fairsand we have an opportunity to present our offer to a wider audience and establish business contacts in Poland and abroad.<\/p>\n\n\n\n<p>More about <a href=\"https:\/\/www.parp.gov.pl\/component\/grants\/grants\/go-to-brand\"><strong>PARP Go to Brand &#8211; EU<\/strong><\/a><\/p>\n\n\n\n<p><\/p>\n\n\n\n<h4 class=\"wp-block-heading\">Below the photo gallery from events:<\/h4>\n\n\n\n<p><\/p>\n\n\n\n<p><strong>Krak\u00f3w, PL &#8211; 2020<\/strong><\/p>\n\n\n\n<p><strong><a href=\"https:\/\/gielda.sbdim.pl\/\">Krakowska Gie\u0142da Dom\u00f3w i Mieszka\u0144<\/a><br><a href=\"https:\/\/www.targikrakow.eu\/\">Krakowskie Targi Nieruchomo\u015bci &amp; Budowa Domu<\/a>&nbsp;\u2013&nbsp;<a href=\"https:\/\/www.tauronarenakrakow.pl\/\">TAURON Arena<\/a><br><a href=\"https:\/\/krakow.targimieszkan.pl\/pl\/\">Targi Mieszka\u0144 i Dom\u00f3w<\/a>&nbsp;\u2013&nbsp;<a href=\"https:\/\/www.expokrakow.com\/pl\/\">EXPO Krak\u00f3<\/a><\/strong><\/p>\n\n\n\n\n\t\t<style type=\"text\/css\">\n\t\t\t#gallery-1 {\n\t\t\t\tmargin: auto;\n\t\t\t}\n\t\t\t#gallery-1 .gallery-item {\n\t\t\t\tfloat: left;\n\t\t\t\tmargin-top: 10px;\n\t\t\t\ttext-align: center;\n\t\t\t\twidth: 33%;\n\t\t\t}\n\t\t\t#gallery-1 img {\n\t\t\t\tborder: 2px solid #cfcfcf;\n\t\t\t}\n\t\t\t#gallery-1 .gallery-caption {\n\t\t\t\tmargin-left: 0;\n\t\t\t}\n\t\t\t\/* see gallery_shortcode() in wp-includes\/media.php *\/\n\t\t<\/style>\n\t\t<div id='gallery-1' class='gallery galleryid-5088 gallery-columns-3 gallery-size-thumbnail'><dl class='gallery-item'>\n\t\t\t<dt class='gallery-icon landscape'>\n\t\t\t\t<a href='https:\/\/saniwell.pl\/en\/wspolpraca-miedzynarodowa\/kawka-studio-lukasz-sz-saniwell-stoisko-2-2b-targi-4-2\/'><img decoding=\"async\" width=\"150\" height=\"110\" src=\"https:\/\/saniwell.pl\/wp-content\/uploads\/2020\/10\/Kawka-Studio-\u00a9-Lukasz-Sz.-Saniwell-stoisko-2-2b-targi-4.png\" class=\"attachment-thumbnail size-thumbnail\" alt=\"Kompleksowe wyko\u0144czenie mieszka\u0144 w Krakowie. Targi SaniWell\" aria-describedby=\"gallery-1-6724\" \/><\/a>\n\t\t\t<\/dt>\n\t\t\t\t<dd class='wp-caption-text gallery-caption' id='gallery-1-6724'>\n\t\t\t\tSaniWell- September 2020 events\n\t\t\t\t<\/dd><\/dl><dl class='gallery-item'>\n\t\t\t<dt class='gallery-icon landscape'>\n\t\t\t\t<a href='https:\/\/saniwell.pl\/en\/wspolpraca-miedzynarodowa\/kawka-studio-lukasz-sz-saniwell-stoisko-2-2b-targi-1-2\/'><img decoding=\"async\" width=\"150\" height=\"110\" src=\"https:\/\/saniwell.pl\/wp-content\/uploads\/2020\/10\/Kawka-Studio-\u00a9-Lukasz-Sz.-Saniwell-stoisko-2-2b-targi-1.png\" class=\"attachment-thumbnail size-thumbnail\" alt=\"SaniWell mieszkania domy i apartamenty pod klucz\" aria-describedby=\"gallery-1-6712\" \/><\/a>\n\t\t\t<\/dt>\n\t\t\t\t<dd class='wp-caption-text gallery-caption' id='gallery-1-6712'>\n\t\t\t\tSaniWell- September 2020 events\n\t\t\t\t<\/dd><\/dl><dl class='gallery-item'>\n\t\t\t<dt class='gallery-icon landscape'>\n\t\t\t\t<a href='https:\/\/saniwell.pl\/en\/wspolpraca-miedzynarodowa\/kawka-studio-lukasz-sz-saniwell-stoisko-2-2b-targi-3-2\/'><img decoding=\"async\" width=\"150\" height=\"110\" src=\"https:\/\/saniwell.pl\/wp-content\/uploads\/2020\/10\/Kawka-Studio-\u00a9-Lukasz-Sz.-Saniwell-stoisko-2-2b-targi-3.png\" class=\"attachment-thumbnail size-thumbnail\" alt=\"Kompleksowe wyko\u0144czenie mieszka\u0144 w Krakowie. Targi SaniWell 2\" aria-describedby=\"gallery-1-6720\" \/><\/a>\n\t\t\t<\/dt>\n\t\t\t\t<dd class='wp-caption-text gallery-caption' id='gallery-1-6720'>\n\t\t\t\tSaniWell- September 2020 events\n\t\t\t\t<\/dd><\/dl><br style=\"clear: both\" \/><dl class='gallery-item'>\n\t\t\t<dt class='gallery-icon landscape'>\n\t\t\t\t<a href='https:\/\/saniwell.pl\/en\/wspolpraca-miedzynarodowa\/kawka-studio-lukasz-sz-saniwell-stoisko-2-2b-targi-2-2\/'><img loading=\"lazy\" decoding=\"async\" width=\"150\" height=\"110\" src=\"https:\/\/saniwell.pl\/wp-content\/uploads\/2020\/10\/Kawka-Studio-\u00a9-Lukasz-Sz.-Saniwell-stoisko-2-2b-targi-2.png\" class=\"attachment-thumbnail size-thumbnail\" alt=\"Wm\" aria-describedby=\"gallery-1-6716\" \/><\/a>\n\t\t\t<\/dt>\n\t\t\t\t<dd class='wp-caption-text gallery-caption' id='gallery-1-6716'>\n\t\t\t\tSaniWell- September 2020 events\n\t\t\t\t<\/dd><\/dl>\n\t\t\t<br style='clear: both' \/>\n\t\t<\/div>\n\n\n\n\n<p><\/p>\n\n\n\n<p><strong>Pozna\u0144, PL &#8211; <a href=\"https:\/\/www.budma.pl\/pl\">Budma <\/a>&#8211; 2020\/2019<\/strong><\/p>\n\n\n\n\n\t\t<style type=\"text\/css\">\n\t\t\t#gallery-2 {\n\t\t\t\tmargin: auto;\n\t\t\t}\n\t\t\t#gallery-2 .gallery-item {\n\t\t\t\tfloat: left;\n\t\t\t\tmargin-top: 10px;\n\t\t\t\ttext-align: center;\n\t\t\t\twidth: 50%;\n\t\t\t}\n\t\t\t#gallery-2 img {\n\t\t\t\tborder: 2px solid #cfcfcf;\n\t\t\t}\n\t\t\t#gallery-2 .gallery-caption {\n\t\t\t\tmargin-left: 0;\n\t\t\t}\n\t\t\t\/* see gallery_shortcode() in wp-includes\/media.php *\/\n\t\t<\/style>\n\t\t<div id='gallery-2' class='gallery galleryid-5088 gallery-columns-2 gallery-size-thumbnail'><dl class='gallery-item'>\n\t\t\t<dt class='gallery-icon landscape'>\n\t\t\t\t<a href='https:\/\/saniwell.pl\/en\/wspolpraca-miedzynarodowa\/targi-poznan-2020-1024x768-2\/'><img loading=\"lazy\" decoding=\"async\" width=\"150\" height=\"150\" src=\"https:\/\/saniwell.pl\/wp-content\/uploads\/2020\/08\/Targi-Pozna\u0144-2020-1024x768-150x150.jpg\" class=\"attachment-thumbnail size-thumbnail\" alt=\"\" \/><\/a>\n\t\t\t<\/dt><\/dl><dl class='gallery-item'>\n\t\t\t<dt class='gallery-icon landscape'>\n\t\t\t\t<a href='https:\/\/saniwell.pl\/en\/wspolpraca-miedzynarodowa\/targi-poznan-budma-2019-1024x768-2\/'><img loading=\"lazy\" decoding=\"async\" width=\"150\" height=\"150\" src=\"https:\/\/saniwell.pl\/wp-content\/uploads\/2020\/08\/Targi-Pozna\u0144-Budma-2019-1024x768-150x150.jpg\" class=\"attachment-thumbnail size-thumbnail\" alt=\"\" \/><\/a>\n\t\t\t<\/dt><\/dl><br style=\"clear: both\" \/>\n\t\t<\/div>\n\n\n\n\n<p><\/p>\n\n\n\n<p><strong>Kiev, UA- <a href=\"https:\/\/www.aqua-therm.org\/\">Aquatherm <\/a>&#8211; 2019<\/strong><\/p>\n\n\n\n\n\t\t<style type=\"text\/css\">\n\t\t\t#gallery-3 {\n\t\t\t\tmargin: auto;\n\t\t\t}\n\t\t\t#gallery-3 .gallery-item {\n\t\t\t\tfloat: left;\n\t\t\t\tmargin-top: 10px;\n\t\t\t\ttext-align: center;\n\t\t\t\twidth: 50%;\n\t\t\t}\n\t\t\t#gallery-3 img {\n\t\t\t\tborder: 2px solid #cfcfcf;\n\t\t\t}\n\t\t\t#gallery-3 .gallery-caption {\n\t\t\t\tmargin-left: 0;\n\t\t\t}\n\t\t\t\/* see gallery_shortcode() in wp-includes\/media.php *\/\n\t\t<\/style>\n\t\t<div id='gallery-3' class='gallery galleryid-5088 gallery-columns-2 gallery-size-thumbnail'><dl class='gallery-item'>\n\t\t\t<dt class='gallery-icon landscape'>\n\t\t\t\t<a href='https:\/\/saniwell.pl\/en\/wspolpraca-miedzynarodowa\/targi-kijow-2019-1024x768-2\/'><img loading=\"lazy\" decoding=\"async\" width=\"150\" height=\"150\" src=\"https:\/\/saniwell.pl\/wp-content\/uploads\/2020\/08\/Targi-Kij\u00f3w-2019-1024x768-150x150.jpg\" class=\"attachment-thumbnail size-thumbnail\" alt=\"\" \/><\/a>\n\t\t\t<\/dt><\/dl><dl class='gallery-item'>\n\t\t\t<dt class='gallery-icon landscape'>\n\t\t\t\t<a href='https:\/\/saniwell.pl\/en\/wspolpraca-miedzynarodowa\/targi-kijow-2-1024x768-2\/'><img loading=\"lazy\" decoding=\"async\" width=\"150\" height=\"150\" src=\"https:\/\/saniwell.pl\/wp-content\/uploads\/2020\/08\/Targi-Kij\u00f3w-2-1024x768-150x150.jpg\" class=\"attachment-thumbnail size-thumbnail\" alt=\"\" \/><\/a>\n\t\t\t<\/dt><\/dl><br style=\"clear: both\" \/><dl class='gallery-item'>\n\t\t\t<dt class='gallery-icon portrait'>\n\t\t\t\t<a href='https:\/\/saniwell.pl\/en\/wspolpraca-miedzynarodowa\/targi-kijow-2019-2-768x1024-2\/'><img loading=\"lazy\" decoding=\"async\" width=\"150\" height=\"150\" src=\"https:\/\/saniwell.pl\/wp-content\/uploads\/2020\/08\/Targi-kij\u00f3w-2019-2-768x1024-150x150.jpg\" class=\"attachment-thumbnail size-thumbnail\" alt=\"\" \/><\/a>\n\t\t\t<\/dt><\/dl><dl class='gallery-item'>\n\t\t\t<dt class='gallery-icon portrait'>\n\t\t\t\t<a href='https:\/\/saniwell.pl\/en\/wspolpraca-miedzynarodowa\/targi-kijow-2019-1-768x1024-2\/'><img loading=\"lazy\" decoding=\"async\" width=\"150\" height=\"150\" src=\"https:\/\/saniwell.pl\/wp-content\/uploads\/2020\/08\/Targi-Kij\u00f3w-2019-1-768x1024-150x150.jpg\" class=\"attachment-thumbnail size-thumbnail\" alt=\"\" \/><\/a>\n\t\t\t<\/dt><\/dl><br style=\"clear: both\" \/>\n\t\t<\/div>\n\n\n\n\n<p><\/p>\n\n\n\n<p><strong>London, UK &#8211; <a href=\"https:\/\/www.futurebuild.co.uk\/\">Futurebuild <\/a>&#8211; 2019<\/strong><\/p>\n\n\n\n\n\t\t<style type=\"text\/css\">\n\t\t\t#gallery-4 {\n\t\t\t\tmargin: auto;\n\t\t\t}\n\t\t\t#gallery-4 .gallery-item {\n\t\t\t\tfloat: left;\n\t\t\t\tmargin-top: 10px;\n\t\t\t\ttext-align: center;\n\t\t\t\twidth: 33%;\n\t\t\t}\n\t\t\t#gallery-4 img {\n\t\t\t\tborder: 2px solid #cfcfcf;\n\t\t\t}\n\t\t\t#gallery-4 .gallery-caption {\n\t\t\t\tmargin-left: 0;\n\t\t\t}\n\t\t\t\/* see gallery_shortcode() in wp-includes\/media.php *\/\n\t\t<\/style>\n\t\t<div id='gallery-4' class='gallery galleryid-5088 gallery-columns-3 gallery-size-thumbnail'><dl class='gallery-item'>\n\t\t\t<dt class='gallery-icon landscape'>\n\t\t\t\t<a href='https:\/\/saniwell.pl\/en\/wspolpraca-miedzynarodowa\/targi-londyn-2019-1\/'><img loading=\"lazy\" decoding=\"async\" width=\"150\" height=\"150\" src=\"https:\/\/saniwell.pl\/wp-content\/uploads\/2020\/08\/Targi-Londyn-2019-1-150x150.jpg\" class=\"attachment-thumbnail size-thumbnail\" alt=\"\" aria-describedby=\"gallery-4-6138\" \/><\/a>\n\t\t\t<\/dt>\n\t\t\t\t<dd class='wp-caption-text gallery-caption' id='gallery-4-6138'>\n\t\t\t\tSaniWell &#8211; Targi w Londynie\n\t\t\t\t<\/dd><\/dl><dl class='gallery-item'>\n\t\t\t<dt class='gallery-icon landscape'>\n\t\t\t\t<a href='https:\/\/saniwell.pl\/en\/wspolpraca-miedzynarodowa\/targi-londyn-2019-3\/'><img loading=\"lazy\" decoding=\"async\" width=\"150\" height=\"150\" src=\"https:\/\/saniwell.pl\/wp-content\/uploads\/2020\/08\/Targi-Londyn-2019-3-150x150.jpg\" class=\"attachment-thumbnail size-thumbnail\" alt=\"\" aria-describedby=\"gallery-4-6139\" \/><\/a>\n\t\t\t<\/dt>\n\t\t\t\t<dd class='wp-caption-text gallery-caption' id='gallery-4-6139'>\n\t\t\t\tSaniWell &#8211; Targi w Londynie\n\t\t\t\t<\/dd><\/dl><dl class='gallery-item'>\n\t\t\t<dt class='gallery-icon portrait'>\n\t\t\t\t<a href='https:\/\/saniwell.pl\/en\/wspolpraca-miedzynarodowa\/targi-londyn-2019\/'><img loading=\"lazy\" decoding=\"async\" width=\"150\" height=\"150\" src=\"https:\/\/saniwell.pl\/wp-content\/uploads\/2020\/08\/Targi-Londyn-2019-150x150.jpg\" class=\"attachment-thumbnail size-thumbnail\" alt=\"\" aria-describedby=\"gallery-4-6140\" \/><\/a>\n\t\t\t<\/dt>\n\t\t\t\t<dd class='wp-caption-text gallery-caption' id='gallery-4-6140'>\n\t\t\t\tSaniWell &#8211; Targi w Londynie\n\t\t\t\t<\/dd><\/dl><br style=\"clear: both\" \/>\n\t\t<\/div>\n\n\n\n\n<p><strong>Lillestr\u00f8m, NO<\/strong> <strong>&#8211; <a href=\"https:\/\/www.byggreisdeg.no\/\">Bygg Reis Deg<\/a>  &#8211; 2019<\/strong><\/p>\n\n\n\n<p><\/p>\n\n\n\n\n\t\t<style type=\"text\/css\">\n\t\t\t#gallery-5 {\n\t\t\t\tmargin: auto;\n\t\t\t}\n\t\t\t#gallery-5 .gallery-item {\n\t\t\t\tfloat: left;\n\t\t\t\tmargin-top: 10px;\n\t\t\t\ttext-align: center;\n\t\t\t\twidth: 33%;\n\t\t\t}\n\t\t\t#gallery-5 img {\n\t\t\t\tborder: 2px solid #cfcfcf;\n\t\t\t}\n\t\t\t#gallery-5 .gallery-caption {\n\t\t\t\tmargin-left: 0;\n\t\t\t}\n\t\t\t\/* see gallery_shortcode() in wp-includes\/media.php *\/\n\t\t<\/style>\n\t\t<div id='gallery-5' class='gallery galleryid-5088 gallery-columns-3 gallery-size-thumbnail'><dl class='gallery-item'>\n\t\t\t<dt class='gallery-icon landscape'>\n\t\t\t\t<a href='https:\/\/saniwell.pl\/en\/wspolpraca-miedzynarodowa\/cof-6\/'><img loading=\"lazy\" decoding=\"async\" width=\"150\" height=\"150\" src=\"https:\/\/saniwell.pl\/wp-content\/uploads\/2020\/08\/Targi-Norweria-2-150x150.jpg\" class=\"attachment-thumbnail size-thumbnail\" alt=\"\" aria-describedby=\"gallery-5-6141\" \/><\/a>\n\t\t\t<\/dt>\n\t\t\t\t<dd class='wp-caption-text gallery-caption' id='gallery-5-6141'>\n\t\t\t\tSaniWell &#8211; Targi Norwegia\n\t\t\t\t<\/dd><\/dl><dl class='gallery-item'>\n\t\t\t<dt class='gallery-icon portrait'>\n\t\t\t\t<a href='https:\/\/saniwell.pl\/en\/wspolpraca-miedzynarodowa\/targi-norwegia-2\/'><img loading=\"lazy\" decoding=\"async\" width=\"150\" height=\"150\" src=\"https:\/\/saniwell.pl\/wp-content\/uploads\/2020\/08\/Targi-Norwegia-2-150x150.jpg\" class=\"attachment-thumbnail size-thumbnail\" alt=\"\" aria-describedby=\"gallery-5-6142\" \/><\/a>\n\t\t\t<\/dt>\n\t\t\t\t<dd class='wp-caption-text gallery-caption' id='gallery-5-6142'>\n\t\t\t\tSaniWell &#8211; Targi Norwegia\n\t\t\t\t<\/dd><\/dl><dl class='gallery-item'>\n\t\t\t<dt class='gallery-icon landscape'>\n\t\t\t\t<a href='https:\/\/saniwell.pl\/en\/wspolpraca-miedzynarodowa\/targi-norwegia\/'><img loading=\"lazy\" decoding=\"async\" width=\"150\" height=\"150\" src=\"https:\/\/saniwell.pl\/wp-content\/uploads\/2020\/08\/Targi-Norwegia-150x150.jpg\" class=\"attachment-thumbnail size-thumbnail\" alt=\"\" aria-describedby=\"gallery-5-6143\" \/><\/a>\n\t\t\t<\/dt>\n\t\t\t\t<dd class='wp-caption-text gallery-caption' id='gallery-5-6143'>\n\t\t\t\tSaniWell &#8211; Targi Norwegia\n\t\t\t\t<\/dd><\/dl><br style=\"clear: both\" \/>\n\t\t<\/div>\n\n\n\n\n<p><\/p>\n\n\n\n<p><strong>Paris, FR &#8211; <a href=\"https:\/\/www.batimat.com\/\">BATiMAT <\/a>&#8211;  2019<\/strong><\/p>\n\n\n\n\n\t\t<style type=\"text\/css\">\n\t\t\t#gallery-6 {\n\t\t\t\tmargin: auto;\n\t\t\t}\n\t\t\t#gallery-6 .gallery-item {\n\t\t\t\tfloat: left;\n\t\t\t\tmargin-top: 10px;\n\t\t\t\ttext-align: center;\n\t\t\t\twidth: 33%;\n\t\t\t}\n\t\t\t#gallery-6 img {\n\t\t\t\tborder: 2px solid #cfcfcf;\n\t\t\t}\n\t\t\t#gallery-6 .gallery-caption {\n\t\t\t\tmargin-left: 0;\n\t\t\t}\n\t\t\t\/* see gallery_shortcode() in wp-includes\/media.php *\/\n\t\t<\/style>\n\t\t<div id='gallery-6' class='gallery galleryid-5088 gallery-columns-3 gallery-size-thumbnail'><dl class='gallery-item'>\n\t\t\t<dt class='gallery-icon portrait'>\n\t\t\t\t<a href='https:\/\/saniwell.pl\/en\/wspolpraca-miedzynarodowa\/targi-paryz\/'><img loading=\"lazy\" decoding=\"async\" width=\"150\" height=\"150\" src=\"https:\/\/saniwell.pl\/wp-content\/uploads\/2020\/08\/Targi-Pary\u017c-150x150.jpg\" class=\"attachment-thumbnail size-thumbnail\" alt=\"\" aria-describedby=\"gallery-6-6144\" \/><\/a>\n\t\t\t<\/dt>\n\t\t\t\t<dd class='wp-caption-text gallery-caption' id='gallery-6-6144'>\n\t\t\t\tSaniWell- Targi Pary\u017c\n\t\t\t\t<\/dd><\/dl><dl class='gallery-item'>\n\t\t\t<dt class='gallery-icon portrait'>\n\t\t\t\t<a href='https:\/\/saniwell.pl\/en\/wspolpraca-miedzynarodowa\/targi-paryz-2019\/'><img loading=\"lazy\" decoding=\"async\" width=\"150\" height=\"150\" src=\"https:\/\/saniwell.pl\/wp-content\/uploads\/2020\/08\/Targi-Pary\u017c-2019-150x150.jpg\" class=\"attachment-thumbnail size-thumbnail\" alt=\"\" aria-describedby=\"gallery-6-6145\" \/><\/a>\n\t\t\t<\/dt>\n\t\t\t\t<dd class='wp-caption-text gallery-caption' id='gallery-6-6145'>\n\t\t\t\tSaniWell- Targi Pary\u017c\n\t\t\t\t<\/dd><\/dl>\n\t\t\t<br style='clear: both' \/>\n\t\t<\/div>\n\n","protected":false},"excerpt":{"rendered":"<p>We are a participant in the Go to Brand program, co-financed by the European Union. The program provides support in the field of promotion on foreign markets. SaniWell brand participates in local and foreign fairsand we have an opportunity to present our offer to a wider audience and establish business contacts in Poland and abroad. [&hellip;]<\/p>\n","protected":false},"author":3,"featured_media":0,"parent":0,"menu_order":33,"comment_status":"closed","ping_status":"closed","template":"default-page.php","meta":{"_acf_changed":false,"footnotes":""},"class_list":["post-5088","page","type-page","status-publish","hentry"],"acf":[],"yoast_head":"<!-- This site is optimized with the Yoast SEO plugin v26.5 - https:\/\/yoast.com\/wordpress\/plugins\/seo\/ -->\n<title>International cooperation - SaniWell - Us\u0142ugi wyko\u0144czenia wn\u0119trz Krak\u00f3w \u015al\u0105sk<\/title>\n<meta name=\"robots\" content=\"index, follow, max-snippet:-1, max-image-preview:large, max-video-preview:-1\" \/>\n<link rel=\"canonical\" href=\"https:\/\/saniwell.pl\/en\/wspolpraca-miedzynarodowa\/\" \/>\n<meta property=\"og:locale\" content=\"en_US\" \/>\n<meta property=\"og:type\" content=\"article\" \/>\n<meta property=\"og:title\" content=\"International cooperation - SaniWell - Us\u0142ugi wyko\u0144czenia wn\u0119trz Krak\u00f3w \u015al\u0105sk\" \/>\n<meta property=\"og:description\" content=\"We are a participant in the Go to Brand program, co-financed by the European Union. The program provides support in the field of promotion on foreign markets. SaniWell brand participates in local and foreign fairsand we have an opportunity to present our offer to a wider audience and establish business contacts in Poland and abroad. [&hellip;]\" \/>\n<meta property=\"og:url\" content=\"https:\/\/saniwell.pl\/en\/wspolpraca-miedzynarodowa\/\" \/>\n<meta property=\"og:site_name\" content=\"SaniWell - Us\u0142ugi wyko\u0144czenia wn\u0119trz Krak\u00f3w \u015al\u0105sk\" \/>\n<meta property=\"article:modified_time\" content=\"2020-10-02T08:05:06+00:00\" \/>\n<meta property=\"og:image\" content=\"https:\/\/saniwell.pl\/wp-content\/uploads\/2020\/10\/Kawka-Studio-\u00a9-Lukasz-Sz.-Saniwell-stoisko-2-2b-targi-4.png\" \/>\n<meta name=\"twitter:card\" content=\"summary_large_image\" \/>\n<meta name=\"twitter:label1\" content=\"Est. reading time\" \/>\n\t<meta name=\"twitter:data1\" content=\"1 minute\" \/>\n<script type=\"application\/ld+json\" class=\"yoast-schema-graph\">{\"@context\":\"https:\/\/schema.org\",\"@graph\":[{\"@type\":\"WebPage\",\"@id\":\"https:\/\/saniwell.pl\/en\/wspolpraca-miedzynarodowa\/\",\"url\":\"https:\/\/saniwell.pl\/en\/wspolpraca-miedzynarodowa\/\",\"name\":\"International cooperation - SaniWell - Us\u0142ugi wyko\u0144czenia wn\u0119trz Krak\u00f3w \u015al\u0105sk\",\"isPartOf\":{\"@id\":\"https:\/\/saniwell.pl\/en\/#website\"},\"datePublished\":\"2020-08-20T11:38:51+00:00\",\"dateModified\":\"2020-10-02T08:05:06+00:00\",\"breadcrumb\":{\"@id\":\"https:\/\/saniwell.pl\/en\/wspolpraca-miedzynarodowa\/#breadcrumb\"},\"inLanguage\":\"en-US\",\"potentialAction\":[{\"@type\":\"ReadAction\",\"target\":[\"https:\/\/saniwell.pl\/en\/wspolpraca-miedzynarodowa\/\"]}]},{\"@type\":\"BreadcrumbList\",\"@id\":\"https:\/\/saniwell.pl\/en\/wspolpraca-miedzynarodowa\/#breadcrumb\",\"itemListElement\":[{\"@type\":\"ListItem\",\"position\":1,\"name\":\"Turnkey services\",\"item\":\"https:\/\/saniwell.pl\/en\/\"},{\"@type\":\"ListItem\",\"position\":2,\"name\":\"International cooperation\"}]},{\"@type\":\"WebSite\",\"@id\":\"https:\/\/saniwell.pl\/en\/#website\",\"url\":\"https:\/\/saniwell.pl\/en\/\",\"name\":\"SaniWell - Us\u0142ugi wyko\u0144czenia wn\u0119trz Krak\u00f3w \u015al\u0105sk\",\"description\":\"Saniwell to firma projektowo-wyko\u0144czeniowa \u015bwiadcz\u0105ca us\u0142ugi wyka\u0144czania mieszka\u0144 i apartament\u00f3w pod klucz w standardzie \u201ewchodzisz i mieszkasz\u201d. Prace wyko\u0144czeniowe prowadzimy w oparciu o projekty wn\u0119trz przygotowywane przez architekt\u00f3w.\",\"publisher\":{\"@id\":\"https:\/\/saniwell.pl\/en\/#organization\"},\"potentialAction\":[{\"@type\":\"SearchAction\",\"target\":{\"@type\":\"EntryPoint\",\"urlTemplate\":\"https:\/\/saniwell.pl\/en\/?s={search_term_string}\"},\"query-input\":{\"@type\":\"PropertyValueSpecification\",\"valueRequired\":true,\"valueName\":\"search_term_string\"}}],\"inLanguage\":\"en-US\"},{\"@type\":\"Organization\",\"@id\":\"https:\/\/saniwell.pl\/en\/#organization\",\"name\":\"Saniwell - Wn\u0119trza pod klucz\",\"url\":\"https:\/\/saniwell.pl\/en\/\",\"logo\":{\"@type\":\"ImageObject\",\"inLanguage\":\"en-US\",\"@id\":\"https:\/\/saniwell.pl\/en\/#\/schema\/logo\/image\/\",\"url\":\"https:\/\/saniwell.pl\/wp-content\/uploads\/2019\/10\/Logo_kolor_dopisek.png\",\"contentUrl\":\"https:\/\/saniwell.pl\/wp-content\/uploads\/2019\/10\/Logo_kolor_dopisek.png\",\"width\":142,\"height\":43,\"caption\":\"Saniwell - Wn\u0119trza pod klucz\"},\"image\":{\"@id\":\"https:\/\/saniwell.pl\/en\/#\/schema\/logo\/image\/\"}}]}<\/script>\n<!-- \/ Yoast SEO plugin. -->","yoast_head_json":{"title":"International cooperation - SaniWell - Us\u0142ugi wyko\u0144czenia wn\u0119trz Krak\u00f3w \u015al\u0105sk","robots":{"index":"index","follow":"follow","max-snippet":"max-snippet:-1","max-image-preview":"max-image-preview:large","max-video-preview":"max-video-preview:-1"},"canonical":"https:\/\/saniwell.pl\/en\/wspolpraca-miedzynarodowa\/","og_locale":"en_US","og_type":"article","og_title":"International cooperation - SaniWell - Us\u0142ugi wyko\u0144czenia wn\u0119trz Krak\u00f3w \u015al\u0105sk","og_description":"We are a participant in the Go to Brand program, co-financed by the European Union. The program provides support in the field of promotion on foreign markets. SaniWell brand participates in local and foreign fairsand we have an opportunity to present our offer to a wider audience and establish business contacts in Poland and abroad. [&hellip;]","og_url":"https:\/\/saniwell.pl\/en\/wspolpraca-miedzynarodowa\/","og_site_name":"SaniWell - Us\u0142ugi wyko\u0144czenia wn\u0119trz Krak\u00f3w \u015al\u0105sk","article_modified_time":"2020-10-02T08:05:06+00:00","og_image":[{"url":"https:\/\/saniwell.pl\/wp-content\/uploads\/2020\/10\/Kawka-Studio-\u00a9-Lukasz-Sz.-Saniwell-stoisko-2-2b-targi-4.png","type":"","width":"","height":""}],"twitter_card":"summary_large_image","twitter_misc":{"Est. reading time":"1 minute"},"schema":{"@context":"https:\/\/schema.org","@graph":[{"@type":"WebPage","@id":"https:\/\/saniwell.pl\/en\/wspolpraca-miedzynarodowa\/","url":"https:\/\/saniwell.pl\/en\/wspolpraca-miedzynarodowa\/","name":"International cooperation - SaniWell - Us\u0142ugi wyko\u0144czenia wn\u0119trz Krak\u00f3w \u015al\u0105sk","isPartOf":{"@id":"https:\/\/saniwell.pl\/en\/#website"},"datePublished":"2020-08-20T11:38:51+00:00","dateModified":"2020-10-02T08:05:06+00:00","breadcrumb":{"@id":"https:\/\/saniwell.pl\/en\/wspolpraca-miedzynarodowa\/#breadcrumb"},"inLanguage":"en-US","potentialAction":[{"@type":"ReadAction","target":["https:\/\/saniwell.pl\/en\/wspolpraca-miedzynarodowa\/"]}]},{"@type":"BreadcrumbList","@id":"https:\/\/saniwell.pl\/en\/wspolpraca-miedzynarodowa\/#breadcrumb","itemListElement":[{"@type":"ListItem","position":1,"name":"Turnkey services","item":"https:\/\/saniwell.pl\/en\/"},{"@type":"ListItem","position":2,"name":"International cooperation"}]},{"@type":"WebSite","@id":"https:\/\/saniwell.pl\/en\/#website","url":"https:\/\/saniwell.pl\/en\/","name":"SaniWell - Us\u0142ugi wyko\u0144czenia wn\u0119trz Krak\u00f3w \u015al\u0105sk","description":"Saniwell to firma projektowo-wyko\u0144czeniowa \u015bwiadcz\u0105ca us\u0142ugi wyka\u0144czania mieszka\u0144 i apartament\u00f3w pod klucz w standardzie \u201ewchodzisz i mieszkasz\u201d. Prace wyko\u0144czeniowe prowadzimy w oparciu o projekty wn\u0119trz przygotowywane przez architekt\u00f3w.","publisher":{"@id":"https:\/\/saniwell.pl\/en\/#organization"},"potentialAction":[{"@type":"SearchAction","target":{"@type":"EntryPoint","urlTemplate":"https:\/\/saniwell.pl\/en\/?s={search_term_string}"},"query-input":{"@type":"PropertyValueSpecification","valueRequired":true,"valueName":"search_term_string"}}],"inLanguage":"en-US"},{"@type":"Organization","@id":"https:\/\/saniwell.pl\/en\/#organization","name":"Saniwell - Wn\u0119trza pod klucz","url":"https:\/\/saniwell.pl\/en\/","logo":{"@type":"ImageObject","inLanguage":"en-US","@id":"https:\/\/saniwell.pl\/en\/#\/schema\/logo\/image\/","url":"https:\/\/saniwell.pl\/wp-content\/uploads\/2019\/10\/Logo_kolor_dopisek.png","contentUrl":"https:\/\/saniwell.pl\/wp-content\/uploads\/2019\/10\/Logo_kolor_dopisek.png","width":142,"height":43,"caption":"Saniwell - Wn\u0119trza pod klucz"},"image":{"@id":"https:\/\/saniwell.pl\/en\/#\/schema\/logo\/image\/"}}]}},"_links":{"self":[{"href":"https:\/\/saniwell.pl\/en\/wp-json\/wp\/v2\/pages\/5088","targetHints":{"allow":["GET"]}}],"collection":[{"href":"https:\/\/saniwell.pl\/en\/wp-json\/wp\/v2\/pages"}],"about":[{"href":"https:\/\/saniwell.pl\/en\/wp-json\/wp\/v2\/types\/page"}],"author":[{"embeddable":true,"href":"https:\/\/saniwell.pl\/en\/wp-json\/wp\/v2\/users\/3"}],"replies":[{"embeddable":true,"href":"https:\/\/saniwell.pl\/en\/wp-json\/wp\/v2\/comments?post=5088"}],"version-history":[{"count":16,"href":"https:\/\/saniwell.pl\/en\/wp-json\/wp\/v2\/pages\/5088\/revisions"}],"predecessor-version":[{"id":6733,"href":"https:\/\/saniwell.pl\/en\/wp-json\/wp\/v2\/pages\/5088\/revisions\/6733"}],"wp:attachment":[{"href":"https:\/\/saniwell.pl\/en\/wp-json\/wp\/v2\/media?parent=5088"}],"curies":[{"name":"wp","href":"https:\/\/api.w.org\/{rel}","templated":true}]}}